{"id":7,"date":"2019-06-26T13:37:10","date_gmt":"2019-06-26T18:37:10","guid":{"rendered":"http:\/\/35.226.181.93\/?page_id=7"},"modified":"2023-02-01T10:10:00","modified_gmt":"2023-02-01T16:10:00","slug":"conformacion","status":"publish","type":"page","link":"https:\/\/justicia.congresocdmx.gob.mx\/conformacion\/","title":{"rendered":"Integrantes"},"content":{"rendered":"\n<p>Segunda Legislatura<\/p>\n\n\n\n<ol class=\"wp-block-list\"><li>Dip. JOSE OCTAVIO RIVERO VILLASE\u00d1OR (Presidente).<\/li><li>Dip. ESTHER SILVIA SANCHEZ BARRIOS (Vicepresidenta). .<\/li><li>Dip. ANiBAL ALEXANDO CA\u00d1EZ MORALES (Secretario).<\/li><li>Dip. ALBERTO MARTINEZ URINCHO (Integrante).<\/li><li>Dip. MAR\u00cdA GUADALUPE MORALES RUBIO (Integrante).<\/li><li>Dip. NANCY MARLENE N\u00da\u00d1EZ RES\u00c9NDIZ (Integrante).<\/li><li>Dip. YURIRI AYALA Z\u00da\u00d1IGA (Integrante).<\/li><li>Dip. CHRISTIAN DAMIAN VON ROEHRICH DE LA ISLA (Integrante).<\/li><li>Dip. RICARDO RUBIO TORRES (Integrante).<\/li><li>Dip. DIEGO ORLANDO GARRIDO LOPEZ (Integrante).<\/li><li>Dip. ERNESTO ALARC\u00d3N JIM\u00c9NEZ (Integrante).<\/li><li>Dip. JORGE GAVI\u00d1O AMBR\u00cdZ (Integrante).<\/li><li>Dip. CIRCE CAMACHO BASTIDA (Integrante). <\/li><li>Dip. XOCHITL BRAVO ESPINOSA (Integrante). <\/li><li>Dip. JES\u00daS SESMA SU\u00c1REZ (Integrante).<\/li><\/ol>\n\n\n\n<p>Primera Legislatura<\/p>\n\n\n\n<ol class=\"wp-block-list\"><li>Dip. Eduardo Santill\u00e1n P\u00e9rez (Presidente).<\/li><li>Dip. Carlos Hern\u00e1ndez Mir\u00f3n (Vicepresidente).<\/li><li>Dip. Diego Orlando Garrido L\u00f3pez (Secretario).<\/li><li>Dip. Alberto Mart\u00ednez Urincho (Integrante).<\/li><li>Dip. Nazario Norberto S\u00e1nchez (Integrante).<\/li><li>Dip. Guillermo Lerdo de Tejada Servitje (Integrante).<\/li><li>Dip. Eleazar Rubio Aldar\u00e1n  (Integrante). <\/li><li>Dip. Yuriri Ayala Z\u00fa\u00f1iga  (Integrante). <\/li><li>Dip. Jorge Gavi\u00f1o Ambriz  (Integrante). <\/li><li>Dip. Mar\u00eda de Lourdes Paz Reyes  (Integrante). <\/li><li>Dip. Jannete Elizabeth Guerrero Maya  (Integrante). <\/li><li>Dip. Paula Adriana Soto Maldonado  (Integrante). <\/li><li>Dip. Armando Tonatiuh Gonz\u00e1lez Case (Integrante). <\/li><li>Dip. Cristhian Dami\u00e1n Von Roerich de la Isla (Integrante). <\/li><li>Dip. Ricardo Ru\u00edz Su\u00e1rez (Integrante). <\/li><li>Dip. Lizette Clavel S\u00e1nchez (Integrante). <\/li><li>Dip. Martha Soledad \u00c1vila Ventura (Integrante). <\/li><li>Dip. Teresa Ramos Arreola  (Integrante). <\/li><li>Dip. Leticia Estrada Hern\u00e1ndez  (Integrante). <\/li><\/ol>\n","protected":false},"excerpt":{"rendered":"<p>Segunda Legislatura Dip. JOSE OCTAVIO RIVERO VILLASE\u00d1OR (Presidente). Dip. ESTHER SILVIA SANCHEZ BARRIOS (Vicepresidenta). . Dip. ANiBAL ALEXANDO CA\u00d1EZ MORALES (Secretario). Dip. ALBERTO MARTINEZ URINCHO (Integrante). Dip. MAR\u00cdA GUADALUPE MORALES RUBIO (Integrante). Dip. NANCY MARLENE N\u00da\u00d1EZ RES\u00c9NDIZ (Integrante). Dip. YURIRI AYALA Z\u00da\u00d1IGA (Integrante). Dip. CHRISTIAN DAMIAN VON ROEHRICH DE LA ISLA (Integrante). Dip. RICARDO RUBIO TORRES (Integrante). Dip. DIEGO ORLANDO GARRIDO LOPEZ (Integrante). Dip. ERNESTO ALARC\u00d3N JIM\u00c9NEZ (Integrante). Dip. JORGE GAVI\u00d1O AMBR\u00cdZ (Integrante). Dip. CIRCE CAMACHO BASTIDA (Integrante). Dip. XOCHITL BRAVO ESPINOSA (Integrante). Dip. JES\u00daS SESMA SU\u00c1REZ (Integrante). Primera Legislatura Dip. Eduardo Santill\u00e1n P\u00e9rez (Presidente). Dip. Carlos Hern\u00e1ndez Mir\u00f3n (Vicepresidente). Dip. Diego Orlando Garrido L\u00f3pez (Secretario). Dip. Alberto Mart\u00ednez Urincho (Integrante). Dip. Nazario Norberto S\u00e1nchez (Integrante). Dip. Guillermo Lerdo de Tejada Servitje (Integrante). Dip. Eleazar Rubio Aldar\u00e1n (Integrante). Dip. Yuriri Ayala Z\u00fa\u00f1iga (Integrante). Dip. Jorge Gavi\u00f1o Ambriz (Integrante). Dip. Mar\u00eda de Lourdes Paz Reyes (Integrante). Dip. Jannete Elizabeth Guerrero Maya (Integrante). Dip. Paula Adriana Soto Maldonado (Integrante). Dip. Armando Tonatiuh Gonz\u00e1lez Case (Integrante). Dip. Cristhian Dami\u00e1n Von Roerich de la Isla (Integrante). Dip. Ricardo Ru\u00edz Su\u00e1rez (Integrante). Dip. Lizette Clavel S\u00e1nchez (Integrante). Dip. Martha Soledad \u00c1vila Ventura (Integrante). Dip. Teresa Ramos Arreola (Integrante). Dip. Leticia Estrada Hern\u00e1ndez (Integrante).<\/p>\n","protected":false},"author":1,"featured_media":0,"parent":0,"menu_order":0,"comment_status":"closed","ping_status":"closed","template":"","meta":{"footnotes":""},"class_list":["post-7","page","type-page","status-publish","hentry"],"_links":{"self":[{"href":"https:\/\/justicia.congresocdmx.gob.mx\/wp-json\/wp\/v2\/pages\/7","targetHints":{"allow":["GET"]}}],"collection":[{"href":"https:\/\/justicia.congresocdmx.gob.mx\/wp-json\/wp\/v2\/pages"}],"about":[{"href":"https:\/\/justicia.congresocdmx.gob.mx\/wp-json\/wp\/v2\/types\/page"}],"author":[{"embeddable":true,"href":"https:\/\/justicia.congresocdmx.gob.mx\/wp-json\/wp\/v2\/users\/1"}],"replies":[{"embeddable":true,"href":"https:\/\/justicia.congresocdmx.gob.mx\/wp-json\/wp\/v2\/comments?post=7"}],"version-history":[{"count":4,"href":"https:\/\/justicia.congresocdmx.gob.mx\/wp-json\/wp\/v2\/pages\/7\/revisions"}],"predecessor-version":[{"id":3592,"href":"https:\/\/justicia.congresocdmx.gob.mx\/wp-json\/wp\/v2\/pages\/7\/revisions\/3592"}],"wp:attachment":[{"href":"https:\/\/justicia.congresocdmx.gob.mx\/wp-json\/wp\/v2\/media?parent=7"}],"curies":[{"name":"wp","href":"https:\/\/api.w.org\/{rel}","templated":true}]}}