{"id":2338,"date":"2020-11-23T12:27:34","date_gmt":"2020-11-23T18:27:34","guid":{"rendered":"http:\/\/justicia.congresocdmx.gob.mx\/?page_id=2338"},"modified":"2020-11-25T16:53:47","modified_gmt":"2020-11-25T22:53:47","slug":"consejo-ciudadano-de-la-fiscalia-general-de-justicia-de-la-ciudad-de-mexico","status":"publish","type":"page","link":"https:\/\/justicia.congresocdmx.gob.mx\/consejo-ciudadano-de-la-fiscalia-general-de-justicia-de-la-ciudad-de-mexico\/","title":{"rendered":"Consejo Ciudadano de la Fiscal\u00eda General de Justicia de la Ciudad de M\u00e9xico"},"content":{"rendered":"\n<div class=\"wp-block-file\"><a href=\"http:\/\/justicia.congresocdmx.gob.mx\/wp-content\/uploads\/2020\/11\/Convocatoria-Consejo-FGJ-Simplificada-II.pdf\">Convocatoria para el Proceso de Integraci\u00f3n del Consejo Ciudadano de la Fiscal\u00eda General de Justicia de la Ciudad de M\u00e9xico.<\/a><a href=\"http:\/\/justicia.congresocdmx.gob.mx\/wp-content\/uploads\/2020\/11\/Convocatoria-Consejo-FGJ-Simplificada-II.pdf\" class=\"wp-block-file__button\" download>Descarga<\/a><\/div>\n\n\n\n<div class=\"wp-block-file\"><a href=\"http:\/\/justicia.congresocdmx.gob.mx\/wp-content\/uploads\/2020\/11\/Comunicado1-de-la-Junta-Directiva-sobre-las-personas-inscritas.pdf\">Comunicado de personas inscritas al Proceso de Integraci\u00f3n del Consejo Ciudadano de la Fiscal\u00eda General de Justicia de la Ciudad de M\u00e9xico.  <\/a><a href=\"http:\/\/justicia.congresocdmx.gob.mx\/wp-content\/uploads\/2020\/11\/Comunicado1-de-la-Junta-Directiva-sobre-las-personas-inscritas.pdf\" class=\"wp-block-file__button\" download>Descarga<\/a><\/div>\n\n\n\n<div class=\"wp-block-file\"><a href=\"http:\/\/justicia.congresocdmx.gob.mx\/wp-content\/uploads\/2020\/11\/Aplicar_DocuSign_a_Oficio_aspirantes_que_cum.pdf\">Comunicado de listado de personas que cumplen con los requisitos establecidos en la base tercera de la Convocatoria para el Proceso de Integraci\u00f3n del Consejo Ciudadano de la Fiscal\u00eda General de Justicia de la Ciudad de M\u00e9xico. <\/a><a href=\"http:\/\/justicia.congresocdmx.gob.mx\/wp-content\/uploads\/2020\/11\/Aplicar_DocuSign_a_Oficio_aspirantes_que_cum.pdf\" class=\"wp-block-file__button\" download>Descarga<\/a><\/div>\n\n\n\n<div class=\"wp-block-file\"><a href=\"http:\/\/justicia.congresocdmx.gob.mx\/wp-content\/uploads\/2020\/11\/Acuerdo-sobre-Lineamientos-ConsejoCiudadanoFGJ-2.pdf\">Acuerdo de la Comisi\u00f3n de Administraci\u00f3n y Procuraci\u00f3n de Justicia por el que se establecen los Lineamientos para la evaluaci\u00f3n de las personas que integran el Consejo Ciudadano de la Fiscal\u00eda General de Justicia de la Ciudad de M\u00e9xico.<\/a><a href=\"http:\/\/justicia.congresocdmx.gob.mx\/wp-content\/uploads\/2020\/11\/Acuerdo-sobre-Lineamientos-ConsejoCiudadanoFGJ-2.pdf\" class=\"wp-block-file__button\" download>Descarga<\/a><\/div>\n\n\n\n<div class=\"wp-block-file\"><a href=\"http:\/\/justicia.congresocdmx.gob.mx\/wp-content\/uploads\/2020\/11\/OFICIO_CON_FECHA_DE_ENTREVISTAS-CONSEJO-CIUDADANO-FGJ.pdf\">Calendario de entrevistas de las entrevistas del Proceso de Integraci\u00f3n del Consejo Ciudadano de la Fiscal\u00eda General de Justicia de la Ciudad de M\u00e9xico. <\/a><a href=\"http:\/\/justicia.congresocdmx.gob.mx\/wp-content\/uploads\/2020\/11\/OFICIO_CON_FECHA_DE_ENTREVISTAS-CONSEJO-CIUDADANO-FGJ.pdf\" class=\"wp-block-file__button\" download>Descarga<\/a><\/div>\n\n\n\n<h2 class=\"wp-block-heading\">Alan\u00eds Tapia Miguel \u00c1ngel<\/h2>\n\n\n\n<div class=\"wp-block-file\"><a href=\"http:\/\/justicia.congresocdmx.gob.mx\/wp-content\/uploads\/2020\/11\/1-ALANIS-TAPIA-MIGUEL-ANGEL-CARTA.pdf\">Carta de postulaci\u00f3n.<\/a><a href=\"http:\/\/justicia.congresocdmx.gob.mx\/wp-content\/uploads\/2020\/11\/1-ALANIS-TAPIA-MIGUEL-ANGEL-CARTA.pdf\" class=\"wp-block-file__button\" download>Descarga<\/a><\/div>\n\n\n\n<h2 class=\"wp-block-heading\">Antonio Zamora Daniel<\/h2>\n\n\n\n<div class=\"wp-block-file\"><a href=\"http:\/\/justicia.congresocdmx.gob.mx\/wp-content\/uploads\/2020\/11\/2-ANTONIO-ZAMORA-DANIEL-CARTA.pdf\">Carta de postulaci\u00f3n.<\/a><a href=\"http:\/\/justicia.congresocdmx.gob.mx\/wp-content\/uploads\/2020\/11\/2-ANTONIO-ZAMORA-DANIEL-CARTA.pdf\" class=\"wp-block-file__button\" download>Descarga<\/a><\/div>\n\n\n\n<h2 class=\"wp-block-heading\">Bedolla Mendoza Israel<\/h2>\n\n\n\n<div class=\"wp-block-file\"><a href=\"http:\/\/justicia.congresocdmx.gob.mx\/wp-content\/uploads\/2020\/11\/3-BEDOLLA-MENDOZA-ISRAEL-CARTA.pdf\">Carta de postulaci\u00f3n.<\/a><a href=\"http:\/\/justicia.congresocdmx.gob.mx\/wp-content\/uploads\/2020\/11\/3-BEDOLLA-MENDOZA-ISRAEL-CARTA.pdf\" class=\"wp-block-file__button\" download>Descarga<\/a><\/div>\n\n\n\n<h2 class=\"wp-block-heading\">Borja Tovar Miguel \u00c1ngel<\/h2>\n\n\n\n<div class=\"wp-block-file\"><a href=\"http:\/\/justicia.congresocdmx.gob.mx\/wp-content\/uploads\/2020\/11\/4-BORJA-TOVAR-MIGUEL-ANGEL-CARTA.pdf\">Carta de postulaci\u00f3n.<\/a><a href=\"http:\/\/justicia.congresocdmx.gob.mx\/wp-content\/uploads\/2020\/11\/4-BORJA-TOVAR-MIGUEL-ANGEL-CARTA.pdf\" class=\"wp-block-file__button\" download>Descarga<\/a><\/div>\n\n\n\n<h2 class=\"wp-block-heading\">Campos Espinosa Lizbeth Myriam<\/h2>\n\n\n\n<div class=\"wp-block-file\"><a href=\"http:\/\/justicia.congresocdmx.gob.mx\/wp-content\/uploads\/2020\/11\/5-CAMPOS-ESPINOSA-LIZBETH-MYRIAM-CARTA.pdf\">Carta de postulaci\u00f3n.<\/a><a href=\"http:\/\/justicia.congresocdmx.gob.mx\/wp-content\/uploads\/2020\/11\/5-CAMPOS-ESPINOSA-LIZBETH-MYRIAM-CARTA.pdf\" class=\"wp-block-file__button\" download>Descarga<\/a><\/div>\n\n\n\n<h2 class=\"wp-block-heading\">C\u00e1rdenas Garc\u00eda Jes\u00fas Benjam\u00edn<\/h2>\n\n\n\n<div class=\"wp-block-file\"><a href=\"http:\/\/justicia.congresocdmx.gob.mx\/wp-content\/uploads\/2020\/11\/6-CARDENAS-GARCIA-JESUS-BENJAMIN-CARTA.pdf\">Carta de postulaci\u00f3n.<\/a><a href=\"http:\/\/justicia.congresocdmx.gob.mx\/wp-content\/uploads\/2020\/11\/6-CARDENAS-GARCIA-JESUS-BENJAMIN-CARTA.pdf\" class=\"wp-block-file__button\" download>Descarga<\/a><\/div>\n\n\n\n<h2 class=\"wp-block-heading\">Casta\u00f1eda Hern\u00e1ndez Gustavo<\/h2>\n\n\n\n<div class=\"wp-block-file\"><a href=\"http:\/\/justicia.congresocdmx.gob.mx\/wp-content\/uploads\/2020\/11\/7-CASTA\u00d1EDA-HERNANDEZ-GUSTAVO-CARTA.pdf\">Carta de postulaci\u00f3n.<\/a><a href=\"http:\/\/justicia.congresocdmx.gob.mx\/wp-content\/uploads\/2020\/11\/7-CASTA\u00d1EDA-HERNANDEZ-GUSTAVO-CARTA.pdf\" class=\"wp-block-file__button\" download>Descarga<\/a><\/div>\n\n\n\n<h2 class=\"wp-block-heading\">Chimal S\u00e1nchez Nelly Abighail<\/h2>\n\n\n\n<div class=\"wp-block-file\"><a href=\"http:\/\/justicia.congresocdmx.gob.mx\/wp-content\/uploads\/2020\/11\/8-CHIMAL-SANCHEZ-NELLY-ABIGHAIL-CARTA.pdf\">Carta de postulaci\u00f3n.<\/a><a href=\"http:\/\/justicia.congresocdmx.gob.mx\/wp-content\/uploads\/2020\/11\/8-CHIMAL-SANCHEZ-NELLY-ABIGHAIL-CARTA.pdf\" class=\"wp-block-file__button\" download>Descarga<\/a><\/div>\n\n\n\n<h2 class=\"wp-block-heading\">Cuenca Dardon Carlos Edmundo<\/h2>\n\n\n\n<div class=\"wp-block-file\"><a href=\"http:\/\/justicia.congresocdmx.gob.mx\/wp-content\/uploads\/2020\/11\/9-CUENCA-DARDON-CARLOS-EDMUNDO-CARTA.pdf\">Carta de postulaci\u00f3n.<\/a><a href=\"http:\/\/justicia.congresocdmx.gob.mx\/wp-content\/uploads\/2020\/11\/9-CUENCA-DARDON-CARLOS-EDMUNDO-CARTA.pdf\" class=\"wp-block-file__button\" download>Descarga<\/a><\/div>\n\n\n\n<h2 class=\"wp-block-heading\">Fern\u00e1ndez Molina Ulises Javier<\/h2>\n\n\n\n<div class=\"wp-block-file\"><a href=\"http:\/\/justicia.congresocdmx.gob.mx\/wp-content\/uploads\/2020\/11\/10-FERNANDEZ-MOLINA-ULISES-JAVIER-CARTA.pdf\">Carta de postulaci\u00f3n.<\/a><a href=\"http:\/\/justicia.congresocdmx.gob.mx\/wp-content\/uploads\/2020\/11\/10-FERNANDEZ-MOLINA-ULISES-JAVIER-CARTA.pdf\" class=\"wp-block-file__button\" download>Descarga<\/a><\/div>\n\n\n\n<h2 class=\"wp-block-heading\">Galeana Cisneros Bertha<\/h2>\n\n\n\n<div class=\"wp-block-file\"><a href=\"http:\/\/justicia.congresocdmx.gob.mx\/wp-content\/uploads\/2020\/11\/11-GALEANA-CISNEROS-BERTHA-CARTA.pdf\">Carta de postulaci\u00f3n.<\/a><a href=\"http:\/\/justicia.congresocdmx.gob.mx\/wp-content\/uploads\/2020\/11\/11-GALEANA-CISNEROS-BERTHA-CARTA.pdf\" class=\"wp-block-file__button\" download>Descarga<\/a><\/div>\n\n\n\n<h2 class=\"wp-block-heading\">Garc\u00eda Villalobos Haddad Jorge Ricardo<\/h2>\n\n\n\n<div class=\"wp-block-file\"><a href=\"http:\/\/justicia.congresocdmx.gob.mx\/wp-content\/uploads\/2020\/11\/12-GARCIA-VILLALOBOS-HADDAD-JORGE-RICARDO-CARTA.pdf\">Carta de postulaci\u00f3n.<\/a><a href=\"http:\/\/justicia.congresocdmx.gob.mx\/wp-content\/uploads\/2020\/11\/12-GARCIA-VILLALOBOS-HADDAD-JORGE-RICARDO-CARTA.pdf\" class=\"wp-block-file__button\" download>Descarga<\/a><\/div>\n\n\n\n<h2 class=\"wp-block-heading\">G\u00f3mez Mendieta Mariana<\/h2>\n\n\n\n<div class=\"wp-block-file\"><a href=\"http:\/\/justicia.congresocdmx.gob.mx\/wp-content\/uploads\/2020\/11\/13-GOMEZ-MENDIETA-MARIANA-CARTA.pdf\">Carta de postulaci\u00f3n.<\/a><a href=\"http:\/\/justicia.congresocdmx.gob.mx\/wp-content\/uploads\/2020\/11\/13-GOMEZ-MENDIETA-MARIANA-CARTA.pdf\" class=\"wp-block-file__button\" download>Descarga<\/a><\/div>\n\n\n\n<h2 class=\"wp-block-heading\">Huerta Psihas El\u00edas<\/h2>\n\n\n\n<div class=\"wp-block-file\"><a href=\"http:\/\/justicia.congresocdmx.gob.mx\/wp-content\/uploads\/2020\/11\/14-HUERTA-PSIHAS-ELIAS-CARTA.pdf\">Carta de postulaci\u00f3n.<\/a><a href=\"http:\/\/justicia.congresocdmx.gob.mx\/wp-content\/uploads\/2020\/11\/14-HUERTA-PSIHAS-ELIAS-CARTA.pdf\" class=\"wp-block-file__button\" download>Descarga<\/a><\/div>\n\n\n\n<h2 class=\"wp-block-heading\">Lina Ramos Cuitl\u00e1huac<\/h2>\n\n\n\n<div class=\"wp-block-file\"><a href=\"http:\/\/justicia.congresocdmx.gob.mx\/wp-content\/uploads\/2020\/11\/15-LINA-RAMOS-CUITLAHUC-CARTA.pdf\">Carta de postulaci\u00f3n.<\/a><a href=\"http:\/\/justicia.congresocdmx.gob.mx\/wp-content\/uploads\/2020\/11\/15-LINA-RAMOS-CUITLAHUC-CARTA.pdf\" class=\"wp-block-file__button\" download>Descarga<\/a><\/div>\n\n\n\n<h2 class=\"wp-block-heading\">L\u00f3pez Ju\u00e1rez Ponciano<\/h2>\n\n\n\n<div class=\"wp-block-file\"><a href=\"http:\/\/justicia.congresocdmx.gob.mx\/wp-content\/uploads\/2020\/11\/16-LOPEZ-JUAREZ-PONCIANO-CARTA.pdf\">Carta de postulaci\u00f3n.<\/a><a href=\"http:\/\/justicia.congresocdmx.gob.mx\/wp-content\/uploads\/2020\/11\/16-LOPEZ-JUAREZ-PONCIANO-CARTA.pdf\" class=\"wp-block-file__button\" download>Descarga<\/a><\/div>\n\n\n\n<h2 class=\"wp-block-heading\">Mart\u00ednez Ortega Luis Daniel<\/h2>\n\n\n\n<div class=\"wp-block-file\"><a href=\"http:\/\/justicia.congresocdmx.gob.mx\/wp-content\/uploads\/2020\/11\/17-MARTINEZ-ORTEGA-LUIS-DANIEL-CARTA.pdf\">Carta de postulaci\u00f3n.<\/a><a href=\"http:\/\/justicia.congresocdmx.gob.mx\/wp-content\/uploads\/2020\/11\/17-MARTINEZ-ORTEGA-LUIS-DANIEL-CARTA.pdf\" class=\"wp-block-file__button\" download>Descarga<\/a><\/div>\n\n\n\n<h2 class=\"wp-block-heading\">Montes V\u00e1zquez Ad\u00e1n<\/h2>\n\n\n\n<div class=\"wp-block-file\"><a href=\"http:\/\/justicia.congresocdmx.gob.mx\/wp-content\/uploads\/2020\/11\/18-MONTES-VAZQUEZ-ADAN-CARTA.pdf\">Carta de postulaci\u00f3n.<\/a><a href=\"http:\/\/justicia.congresocdmx.gob.mx\/wp-content\/uploads\/2020\/11\/18-MONTES-VAZQUEZ-ADAN-CARTA.pdf\" class=\"wp-block-file__button\" download>Descarga<\/a><\/div>\n\n\n\n<h2 class=\"wp-block-heading\">Moya Bocanegra Rub\u00e9n<\/h2>\n\n\n\n<div class=\"wp-block-file\"><a href=\"http:\/\/justicia.congresocdmx.gob.mx\/wp-content\/uploads\/2020\/11\/19-MOYA-BOCANEGRA-RUBEN-CARTA.pdf\">Carta de postulaci\u00f3n.<\/a><a href=\"http:\/\/justicia.congresocdmx.gob.mx\/wp-content\/uploads\/2020\/11\/19-MOYA-BOCANEGRA-RUBEN-CARTA.pdf\" class=\"wp-block-file__button\" download>Descarga<\/a><\/div>\n\n\n\n<h2 class=\"wp-block-heading\">Nader Kuri Jorge<\/h2>\n\n\n\n<div class=\"wp-block-file\"><a href=\"http:\/\/justicia.congresocdmx.gob.mx\/wp-content\/uploads\/2020\/11\/20-NADER-KURI-JORGE-CARTA.pdf\">Carta de postulaci\u00f3n.<\/a><a href=\"http:\/\/justicia.congresocdmx.gob.mx\/wp-content\/uploads\/2020\/11\/20-NADER-KURI-JORGE-CARTA.pdf\" class=\"wp-block-file__button\" download>Descarga<\/a><\/div>\n\n\n\n<h2 class=\"wp-block-heading\">Olgu\u00edn Alvarado Jos\u00e9 Antonio<\/h2>\n\n\n\n<div class=\"wp-block-file\"><a href=\"http:\/\/justicia.congresocdmx.gob.mx\/wp-content\/uploads\/2020\/11\/21-OLGUIN-ALVARADO-JOSE-ANTONIO-CARTA.pdf\">Carta de postulaci\u00f3n.<\/a><a href=\"http:\/\/justicia.congresocdmx.gob.mx\/wp-content\/uploads\/2020\/11\/21-OLGUIN-ALVARADO-JOSE-ANTONIO-CARTA.pdf\" class=\"wp-block-file__button\" download>Descarga<\/a><\/div>\n\n\n\n<h2 class=\"wp-block-heading\">Parra Molina Jos\u00e9 Antonio<\/h2>\n\n\n\n<div class=\"wp-block-file\"><a href=\"http:\/\/justicia.congresocdmx.gob.mx\/wp-content\/uploads\/2020\/11\/22-PARRA-MOLINA-JOSE-ANTONIO-CARTA.pdf\">Carta de postulaci\u00f3n.<\/a><a href=\"http:\/\/justicia.congresocdmx.gob.mx\/wp-content\/uploads\/2020\/11\/22-PARRA-MOLINA-JOSE-ANTONIO-CARTA.pdf\" class=\"wp-block-file__button\" download>Descarga<\/a><\/div>\n\n\n\n<h2 class=\"wp-block-heading\">Pereyra Quiroz Karla Jacqueline<\/h2>\n\n\n\n<div class=\"wp-block-file\"><a href=\"http:\/\/justicia.congresocdmx.gob.mx\/wp-content\/uploads\/2020\/11\/23-PEREYRA-QUIROZ-KARLA-JACQUELINE-CARTA.pdf\">Carta de postulaci\u00f3n.<\/a><a href=\"http:\/\/justicia.congresocdmx.gob.mx\/wp-content\/uploads\/2020\/11\/23-PEREYRA-QUIROZ-KARLA-JACQUELINE-CARTA.pdf\" class=\"wp-block-file__button\" download>Descarga<\/a><\/div>\n\n\n\n<h2 class=\"wp-block-heading\">P\u00e9rez Cortes Elizabeth<\/h2>\n\n\n\n<div class=\"wp-block-file\"><a href=\"http:\/\/justicia.congresocdmx.gob.mx\/wp-content\/uploads\/2020\/11\/24-PEREZ-CORTES-ELIZABETH-CARTA.pdf\">Carta de postulaci\u00f3n.<\/a><a href=\"http:\/\/justicia.congresocdmx.gob.mx\/wp-content\/uploads\/2020\/11\/24-PEREZ-CORTES-ELIZABETH-CARTA.pdf\" class=\"wp-block-file__button\" download>Descarga<\/a><\/div>\n\n\n\n<h2 class=\"wp-block-heading\">Quiroz Ram\u00edrez Christian<\/h2>\n\n\n\n<div class=\"wp-block-file\"><a href=\"http:\/\/justicia.congresocdmx.gob.mx\/wp-content\/uploads\/2020\/11\/25-QUIROZ-RAMIREZ-CHRISTIAN-CARTA.pdf\">Carta de postulaci\u00f3n.<\/a><a href=\"http:\/\/justicia.congresocdmx.gob.mx\/wp-content\/uploads\/2020\/11\/25-QUIROZ-RAMIREZ-CHRISTIAN-CARTA.pdf\" class=\"wp-block-file__button\" download>Descarga<\/a><\/div>\n\n\n\n<h2 class=\"wp-block-heading\">Ram\u00edrez Ram\u00edrez Edith<\/h2>\n\n\n\n<div class=\"wp-block-file\"><a href=\"http:\/\/justicia.congresocdmx.gob.mx\/wp-content\/uploads\/2020\/11\/26-RAMIREZ-RAMIREZ-EDITH-CARTA.pdf\">Carta de postulaci\u00f3n.<\/a><a href=\"http:\/\/justicia.congresocdmx.gob.mx\/wp-content\/uploads\/2020\/11\/26-RAMIREZ-RAMIREZ-EDITH-CARTA.pdf\" class=\"wp-block-file__button\" download>Descarga<\/a><\/div>\n\n\n\n<h2 class=\"wp-block-heading\">Reguera Y Rodr\u00edguez Manuel Daniel<\/h2>\n\n\n\n<div class=\"wp-block-file\"><a href=\"http:\/\/justicia.congresocdmx.gob.mx\/wp-content\/uploads\/2020\/11\/27-REGUERA-Y-RODRIGUEZ-MANUEL-DANIEL-CARTA.pdf\">Carta de postulaci\u00f3n.<\/a><a href=\"http:\/\/justicia.congresocdmx.gob.mx\/wp-content\/uploads\/2020\/11\/27-REGUERA-Y-RODRIGUEZ-MANUEL-DANIEL-CARTA.pdf\" class=\"wp-block-file__button\" download>Descarga<\/a><\/div>\n\n\n\n<h2 class=\"wp-block-heading\">Rivero Mart\u00ednez Jos\u00e9 Jaime<\/h2>\n\n\n\n<div class=\"wp-block-file\"><a href=\"http:\/\/justicia.congresocdmx.gob.mx\/wp-content\/uploads\/2020\/11\/28-RIVERO-MARTINEZ-JOSE-JAIME-CARTA.pdf\">Carta de postulaci\u00f3n.<\/a><a href=\"http:\/\/justicia.congresocdmx.gob.mx\/wp-content\/uploads\/2020\/11\/28-RIVERO-MARTINEZ-JOSE-JAIME-CARTA.pdf\" class=\"wp-block-file__button\" download>Descarga<\/a><\/div>\n\n\n\n<h2 class=\"wp-block-heading\">Rivero Sierra Ana Cristina<\/h2>\n\n\n\n<div class=\"wp-block-file\"><a href=\"http:\/\/justicia.congresocdmx.gob.mx\/wp-content\/uploads\/2020\/11\/29-RIVERO-SIERRA-ANA-CRISTINA-CARTA.pdf\">Carta de postulaci\u00f3n.<\/a><a href=\"http:\/\/justicia.congresocdmx.gob.mx\/wp-content\/uploads\/2020\/11\/29-RIVERO-SIERRA-ANA-CRISTINA-CARTA.pdf\" class=\"wp-block-file__button\" download>Descarga<\/a><\/div>\n\n\n\n<h2 class=\"wp-block-heading\">Rodr\u00edguez S\u00e1nchez Martiniano<\/h2>\n\n\n\n<div class=\"wp-block-file\"><a href=\"http:\/\/justicia.congresocdmx.gob.mx\/wp-content\/uploads\/2020\/11\/30-RODRIGUEZ-SANCHEZ-MARTINIANO-CARTA.pdf\">Carta de postulaci\u00f3n.<\/a><a href=\"http:\/\/justicia.congresocdmx.gob.mx\/wp-content\/uploads\/2020\/11\/30-RODRIGUEZ-SANCHEZ-MARTINIANO-CARTA.pdf\" class=\"wp-block-file__button\" download>Descarga<\/a><\/div>\n\n\n\n<h2 class=\"wp-block-heading\">Rojas Campos Sara Leticia<\/h2>\n\n\n\n<div class=\"wp-block-file\"><a href=\"http:\/\/justicia.congresocdmx.gob.mx\/wp-content\/uploads\/2020\/11\/31-ROJAS-CAMPOS-SARA-LETICIA-CARTA.pdf\">Carta de postulaci\u00f3n.<\/a><a href=\"http:\/\/justicia.congresocdmx.gob.mx\/wp-content\/uploads\/2020\/11\/31-ROJAS-CAMPOS-SARA-LETICIA-CARTA.pdf\" class=\"wp-block-file__button\" download>Descarga<\/a><\/div>\n\n\n\n<h2 class=\"wp-block-heading\">Romero Galv\u00e1n Alejandra Monserrat<\/h2>\n\n\n\n<div class=\"wp-block-file\"><a href=\"http:\/\/justicia.congresocdmx.gob.mx\/wp-content\/uploads\/2020\/11\/32-ROMERO-GALVAN-ALEJANDRA-MONSERRAT-CARTA.pdf\">Carta de postulaci\u00f3n.<\/a><a href=\"http:\/\/justicia.congresocdmx.gob.mx\/wp-content\/uploads\/2020\/11\/32-ROMERO-GALVAN-ALEJANDRA-MONSERRAT-CARTA.pdf\" class=\"wp-block-file__button\" download>Descarga<\/a><\/div>\n\n\n\n<h2 class=\"wp-block-heading\">S\u00e1nchez Magallan Juan Carlos<\/h2>\n\n\n\n<div class=\"wp-block-file\"><a href=\"http:\/\/justicia.congresocdmx.gob.mx\/wp-content\/uploads\/2020\/11\/33-SANCHEZ-MAGALLAN-JUAN-CARLOS-CARTA.pdf\">Carta de postulaci\u00f3n.<\/a><a href=\"http:\/\/justicia.congresocdmx.gob.mx\/wp-content\/uploads\/2020\/11\/33-SANCHEZ-MAGALLAN-JUAN-CARLOS-CARTA.pdf\" class=\"wp-block-file__button\" download>Descarga<\/a><\/div>\n\n\n\n<h2 class=\"wp-block-heading\">S\u00e1nchez S\u00e1nchez Andrea<\/h2>\n\n\n\n<div class=\"wp-block-file\"><a href=\"http:\/\/justicia.congresocdmx.gob.mx\/wp-content\/uploads\/2020\/11\/34-SANCHEZ-SANCHEZ-ANDREA-CARTA.pdf\">Carta de postulaci\u00f3n.<\/a><a href=\"http:\/\/justicia.congresocdmx.gob.mx\/wp-content\/uploads\/2020\/11\/34-SANCHEZ-SANCHEZ-ANDREA-CARTA.pdf\" class=\"wp-block-file__button\" download>Descarga<\/a><\/div>\n\n\n\n<h2 class=\"wp-block-heading\">S\u00e1nchez S\u00e1nchez Edith<\/h2>\n\n\n\n<div class=\"wp-block-file\"><a href=\"http:\/\/justicia.congresocdmx.gob.mx\/wp-content\/uploads\/2020\/11\/35-SANCHEZ-SANCHEZ-EDITH-CARTA.pdf\">Carta de postulaci\u00f3n.<\/a><a href=\"http:\/\/justicia.congresocdmx.gob.mx\/wp-content\/uploads\/2020\/11\/35-SANCHEZ-SANCHEZ-EDITH-CARTA.pdf\" class=\"wp-block-file__button\" download>Descarga<\/a><\/div>\n\n\n\n<h2 class=\"wp-block-heading\">Serrano Arenas Jorge<\/h2>\n\n\n\n<div class=\"wp-block-file\"><a href=\"http:\/\/justicia.congresocdmx.gob.mx\/wp-content\/uploads\/2020\/11\/36-SERRANO-ARENAS-JORGE-CARTA.pdf\">Carta de postulaci\u00f3n.<\/a><a href=\"http:\/\/justicia.congresocdmx.gob.mx\/wp-content\/uploads\/2020\/11\/36-SERRANO-ARENAS-JORGE-CARTA.pdf\" class=\"wp-block-file__button\" download>Descarga<\/a><\/div>\n\n\n\n<h2 class=\"wp-block-heading\">Torres G\u00f3mez Jes\u00fas<\/h2>\n\n\n\n<div class=\"wp-block-file\"><a href=\"http:\/\/justicia.congresocdmx.gob.mx\/wp-content\/uploads\/2020\/11\/37-TORRES-GOMEZ-JESUS-CARTA.pdf\">Carta de postulaci\u00f3n.<\/a><a href=\"http:\/\/justicia.congresocdmx.gob.mx\/wp-content\/uploads\/2020\/11\/37-TORRES-GOMEZ-JESUS-CARTA.pdf\" class=\"wp-block-file__button\" download>Descarga<\/a><\/div>\n\n\n\n<h2 class=\"wp-block-heading\">Yllan Rondero B\u00e1rbara<\/h2>\n\n\n\n<div class=\"wp-block-file\"><a href=\"http:\/\/justicia.congresocdmx.gob.mx\/wp-content\/uploads\/2020\/11\/38-YLLAN-RONDERO-BARBARA-CARTA.pdf\">Carta de postulaci\u00f3n.<\/a><a href=\"http:\/\/justicia.congresocdmx.gob.mx\/wp-content\/uploads\/2020\/11\/38-YLLAN-RONDERO-BARBARA-CARTA.pdf\" class=\"wp-block-file__button\" download>Descarga<\/a><\/div>\n\n\n\n<h2 class=\"wp-block-heading\">Z\u00fa\u00f1iga Vargas Karen Valeri<\/h2>\n\n\n\n<div class=\"wp-block-file\"><a href=\"http:\/\/justicia.congresocdmx.gob.mx\/wp-content\/uploads\/2020\/11\/39-ZU\u00d1IGA-VARGAS-KAREN-VALERI-CARTA.pdf\">Carta de postulaci\u00f3n.<\/a><a href=\"http:\/\/justicia.congresocdmx.gob.mx\/wp-content\/uploads\/2020\/11\/39-ZU\u00d1IGA-VARGAS-KAREN-VALERI-CARTA.pdf\" class=\"wp-block-file__button\" download>Descarga<\/a><\/div>\n","protected":false},"excerpt":{"rendered":"<p>Alan\u00eds Tapia Miguel \u00c1ngel Antonio Zamora Daniel Bedolla Mendoza Israel Borja Tovar Miguel \u00c1ngel Campos Espinosa Lizbeth Myriam C\u00e1rdenas Garc\u00eda Jes\u00fas Benjam\u00edn Casta\u00f1eda Hern\u00e1ndez Gustavo Chimal S\u00e1nchez Nelly Abighail Cuenca Dardon Carlos Edmundo Fern\u00e1ndez Molina Ulises Javier Galeana Cisneros Bertha Garc\u00eda Villalobos Haddad Jorge Ricardo G\u00f3mez Mendieta Mariana Huerta Psihas El\u00edas Lina Ramos Cuitl\u00e1huac L\u00f3pez Ju\u00e1rez Ponciano Mart\u00ednez Ortega Luis Daniel Montes V\u00e1zquez Ad\u00e1n Moya Bocanegra Rub\u00e9n Nader Kuri Jorge Olgu\u00edn Alvarado Jos\u00e9 Antonio Parra Molina Jos\u00e9 Antonio Pereyra Quiroz Karla Jacqueline P\u00e9rez Cortes Elizabeth Quiroz Ram\u00edrez Christian Ram\u00edrez Ram\u00edrez Edith Reguera Y Rodr\u00edguez Manuel Daniel Rivero Mart\u00ednez Jos\u00e9 Jaime Rivero Sierra Ana Cristina Rodr\u00edguez S\u00e1nchez Martiniano Rojas Campos Sara Leticia Romero Galv\u00e1n Alejandra Monserrat S\u00e1nchez Magallan Juan Carlos S\u00e1nchez S\u00e1nchez Andrea S\u00e1nchez S\u00e1nchez Edith Serrano Arenas Jorge Torres G\u00f3mez Jes\u00fas Yllan Rondero B\u00e1rbara Z\u00fa\u00f1iga Vargas Karen Valeri<\/p>\n","protected":false},"author":10,"featured_media":0,"parent":0,"menu_order":0,"comment_status":"closed","ping_status":"closed","template":"","meta":{"footnotes":""},"class_list":["post-2338","page","type-page","status-publish","hentry"],"_links":{"self":[{"href":"https:\/\/justicia.congresocdmx.gob.mx\/wp-json\/wp\/v2\/pages\/2338","targetHints":{"allow":["GET"]}}],"collection":[{"href":"https:\/\/justicia.congresocdmx.gob.mx\/wp-json\/wp\/v2\/pages"}],"about":[{"href":"https:\/\/justicia.congresocdmx.gob.mx\/wp-json\/wp\/v2\/types\/page"}],"author":[{"embeddable":true,"href":"https:\/\/justicia.congresocdmx.gob.mx\/wp-json\/wp\/v2\/users\/10"}],"replies":[{"embeddable":true,"href":"https:\/\/justicia.congresocdmx.gob.mx\/wp-json\/wp\/v2\/comments?post=2338"}],"version-history":[{"count":28,"href":"https:\/\/justicia.congresocdmx.gob.mx\/wp-json\/wp\/v2\/pages\/2338\/revisions"}],"predecessor-version":[{"id":2475,"href":"https:\/\/justicia.congresocdmx.gob.mx\/wp-json\/wp\/v2\/pages\/2338\/revisions\/2475"}],"wp:attachment":[{"href":"https:\/\/justicia.congresocdmx.gob.mx\/wp-json\/wp\/v2\/media?parent=2338"}],"curies":[{"name":"wp","href":"https:\/\/api.w.org\/{rel}","templated":true}]}}