{"id":2234,"date":"2020-11-19T17:17:23","date_gmt":"2020-11-19T23:17:23","guid":{"rendered":"http:\/\/justicia.congresocdmx.gob.mx\/?page_id=2234"},"modified":"2020-11-24T18:13:19","modified_gmt":"2020-11-25T00:13:19","slug":"fiscal-especializado-en-combate-a-la-corrupcion-de-la-ciudad-de-mexico","status":"publish","type":"page","link":"https:\/\/justicia.congresocdmx.gob.mx\/fiscal-especializado-en-combate-a-la-corrupcion-de-la-ciudad-de-mexico\/","title":{"rendered":"Fiscal Especializado en Combate a la Corrupci\u00f3n de la Ciudad de M\u00e9xico"},"content":{"rendered":"\n<div class=\"wp-block-file\"><a href=\"http:\/\/justicia.congresocdmx.gob.mx\/wp-content\/uploads\/2020\/11\/CO_493_10_2132_19_11_2020.pdf\">Turno de la terna para designar al Fiscal Especializado en Combate a la Corrupci\u00f3n de la Ciudad de M\u00e9xico.<\/a><a href=\"http:\/\/justicia.congresocdmx.gob.mx\/wp-content\/uploads\/2020\/11\/CO_493_10_2132_19_11_2020.pdf\" class=\"wp-block-file__button\" download>Descarga<\/a><\/div>\n\n\n\n<div class=\"wp-block-file\"><a href=\"http:\/\/justicia.congresocdmx.gob.mx\/wp-content\/uploads\/2020\/11\/CO_493_10_19_11_2020.pdf\">Terna para designar al Fiscal Especializado en Combate a la Corrupci\u00f3n de la Ciudad de M\u00e9xico.<\/a><a href=\"http:\/\/justicia.congresocdmx.gob.mx\/wp-content\/uploads\/2020\/11\/CO_493_10_19_11_2020.pdf\" class=\"wp-block-file__button\" download>Descarga<\/a><\/div>\n\n\n\n<h2 class=\"wp-block-heading\">Lineamientos<\/h2>\n\n\n\n<div class=\"wp-block-file\"><a href=\"http:\/\/justicia.congresocdmx.gob.mx\/wp-content\/uploads\/2020\/11\/Acuerdo-sobre-Lineamientos-Fiscali\u0301a-Combate-Corrupcion.pdf\">Acuerdo de la Comisi\u00f3n de Administraci\u00f3n y Procuraci\u00f3n de Justicia por el que se establecen los Lineamientos para la evaluaci\u00f3n de las personas que integran la terna enviada por el Consejo Judicial Ciudadano, propuestas para ocupar la titularidad de la Fiscal\u00eda Especializada en Combate a la Corrupci\u00f3n de la Ciudad de M\u00e9xico.<\/a><a href=\"http:\/\/justicia.congresocdmx.gob.mx\/wp-content\/uploads\/2020\/11\/Acuerdo-sobre-Lineamientos-Fiscali\u0301a-Combate-Corrupcion.pdf\" class=\"wp-block-file__button\" download>Descarga<\/a><\/div>\n\n\n\n<h2 class=\"wp-block-heading\">Ceballos Orozco Octavio Isrrael<\/h2>\n\n\n\n<div class=\"wp-block-file\"><a href=\"http:\/\/justicia.congresocdmx.gob.mx\/wp-content\/uploads\/2020\/11\/Acta-de-nacimiento-Ceballos.pdf\">Acta de nacimiento.<\/a><a href=\"http:\/\/justicia.congresocdmx.gob.mx\/wp-content\/uploads\/2020\/11\/Acta-de-nacimiento-Ceballos.pdf\" class=\"wp-block-file__button\" download>Descarga<\/a><\/div>\n\n\n\n<div class=\"wp-block-file\"><a href=\"http:\/\/justicia.congresocdmx.gob.mx\/wp-content\/uploads\/2020\/11\/1.-CV-Ceballos.pdf\">CV.<\/a><a href=\"http:\/\/justicia.congresocdmx.gob.mx\/wp-content\/uploads\/2020\/11\/1.-CV-Ceballos.pdf\" class=\"wp-block-file__button\" download>Descarga<\/a><\/div>\n\n\n\n<div class=\"wp-block-file\"><a href=\"http:\/\/justicia.congresocdmx.gob.mx\/wp-content\/uploads\/2020\/11\/3.-T\u00cdTULO-Ceballos.pdf\">T\u00edtulo.<\/a><a href=\"http:\/\/justicia.congresocdmx.gob.mx\/wp-content\/uploads\/2020\/11\/3.-T\u00cdTULO-Ceballos.pdf\" class=\"wp-block-file__button\" download>Descarga<\/a><\/div>\n\n\n\n<div class=\"wp-block-file\"><a href=\"http:\/\/justicia.congresocdmx.gob.mx\/wp-content\/uploads\/2020\/11\/4.-C\u00c9DULA-Ceballos.pdf\">C\u00e9dula.<\/a><a href=\"http:\/\/justicia.congresocdmx.gob.mx\/wp-content\/uploads\/2020\/11\/4.-C\u00c9DULA-Ceballos.pdf\" class=\"wp-block-file__button\" download>Descarga<\/a><\/div>\n\n\n\n<div class=\"wp-block-file\"><a href=\"http:\/\/justicia.congresocdmx.gob.mx\/wp-content\/uploads\/2020\/11\/6.-ENSAYO-Ceballos.pdf\">Ensayo.<\/a><a href=\"http:\/\/justicia.congresocdmx.gob.mx\/wp-content\/uploads\/2020\/11\/6.-ENSAYO-Ceballos.pdf\" class=\"wp-block-file__button\" download>Descarga<\/a><\/div>\n\n\n\n<div class=\"wp-block-file\"><a href=\"http:\/\/justicia.congresocdmx.gob.mx\/wp-content\/uploads\/2020\/11\/7.-EXPOSICI\u00d3N-DE-MOTIVOS-Ceballos.pdf\">Exposici\u00f3n de motivos.<\/a><a href=\"http:\/\/justicia.congresocdmx.gob.mx\/wp-content\/uploads\/2020\/11\/7.-EXPOSICI\u00d3N-DE-MOTIVOS-Ceballos.pdf\" class=\"wp-block-file__button\" download>Descarga<\/a><\/div>\n\n\n\n<div class=\"wp-block-file\"><a href=\"http:\/\/justicia.congresocdmx.gob.mx\/wp-content\/uploads\/2020\/11\/8.-CARTA-DE-NO-ANTECEDENTES-Ceballos.pdf\">Carta de no antecedentes penales.<\/a><a href=\"http:\/\/justicia.congresocdmx.gob.mx\/wp-content\/uploads\/2020\/11\/8.-CARTA-DE-NO-ANTECEDENTES-Ceballos.pdf\" class=\"wp-block-file__button\" download>Descarga<\/a><\/div>\n\n\n\n<div class=\"wp-block-file\"><a href=\"http:\/\/justicia.congresocdmx.gob.mx\/wp-content\/uploads\/2020\/11\/9.-NO-INHABILITACI\u00d3N-Ceballos.pdf\">Carta de no inhabilitaci\u00f3n local y federal. <\/a><a href=\"http:\/\/justicia.congresocdmx.gob.mx\/wp-content\/uploads\/2020\/11\/9.-NO-INHABILITACI\u00d3N-Ceballos.pdf\" class=\"wp-block-file__button\" download>Descarga<\/a><\/div>\n\n\n\n<div class=\"wp-block-file\"><a href=\"http:\/\/justicia.congresocdmx.gob.mx\/wp-content\/uploads\/2020\/11\/CARTAS-DE-APOYO-CEBALLOS.pdf\">Cartas de apoyo.<\/a><a href=\"http:\/\/justicia.congresocdmx.gob.mx\/wp-content\/uploads\/2020\/11\/CARTAS-DE-APOYO-CEBALLOS.pdf\" class=\"wp-block-file__button\" download>Descarga<\/a><\/div>\n\n\n\n<h2 class=\"wp-block-heading\">Chong Flores Rafael<\/h2>\n\n\n\n<div class=\"wp-block-file\"><a href=\"http:\/\/justicia.congresocdmx.gob.mx\/wp-content\/uploads\/2020\/11\/5.-ACTA-DE-NACIMIENTO-Chong.pdf\">Acta de nacimiento<\/a><a href=\"http:\/\/justicia.congresocdmx.gob.mx\/wp-content\/uploads\/2020\/11\/5.-ACTA-DE-NACIMIENTO-Chong.pdf\" class=\"wp-block-file__button\" download>Descarga<\/a><\/div>\n\n\n\n<div class=\"wp-block-file\"><a href=\"http:\/\/justicia.congresocdmx.gob.mx\/wp-content\/uploads\/2020\/11\/1.-CV-Chong.pdf\">CV.<\/a><a href=\"http:\/\/justicia.congresocdmx.gob.mx\/wp-content\/uploads\/2020\/11\/1.-CV-Chong.pdf\" class=\"wp-block-file__button\" download>Descarga<\/a><\/div>\n\n\n\n<div class=\"wp-block-file\"><a href=\"http:\/\/justicia.congresocdmx.gob.mx\/wp-content\/uploads\/2020\/11\/3.-T\u00cdTULO-Chong.pdf\">T\u00edtulo.<\/a><a href=\"http:\/\/justicia.congresocdmx.gob.mx\/wp-content\/uploads\/2020\/11\/3.-T\u00cdTULO-Chong.pdf\" class=\"wp-block-file__button\" download>Descarga<\/a><\/div>\n\n\n\n<div class=\"wp-block-file\"><a href=\"http:\/\/justicia.congresocdmx.gob.mx\/wp-content\/uploads\/2020\/11\/4.-C\u00c9DULA-Chong.pdf\">C\u00e9dula. <\/a><a href=\"http:\/\/justicia.congresocdmx.gob.mx\/wp-content\/uploads\/2020\/11\/4.-C\u00c9DULA-Chong.pdf\" class=\"wp-block-file__button\" download>Descarga<\/a><\/div>\n\n\n\n<div class=\"wp-block-file\"><a href=\"http:\/\/justicia.congresocdmx.gob.mx\/wp-content\/uploads\/2020\/11\/6.-POSTULACI\u00d3N-Chong.pdf\">Carta de postulaci\u00f3n.<\/a><a href=\"http:\/\/justicia.congresocdmx.gob.mx\/wp-content\/uploads\/2020\/11\/6.-POSTULACI\u00d3N-Chong.pdf\" class=\"wp-block-file__button\" download>Descarga<\/a><\/div>\n\n\n\n<div class=\"wp-block-file\"><a href=\"http:\/\/justicia.congresocdmx.gob.mx\/wp-content\/uploads\/2020\/11\/7.-ENSAYO-Chong.pdf\">Ensayo.<\/a><a href=\"http:\/\/justicia.congresocdmx.gob.mx\/wp-content\/uploads\/2020\/11\/7.-ENSAYO-Chong.pdf\" class=\"wp-block-file__button\" download>Descarga<\/a><\/div>\n\n\n\n<div class=\"wp-block-file\"><a href=\"http:\/\/justicia.congresocdmx.gob.mx\/wp-content\/uploads\/2020\/11\/8.-EXPOSICI\u00d3N-DE-MOTIVOS-Chong.pdf\">Exposici\u00f3n de motivos.<\/a><a href=\"http:\/\/justicia.congresocdmx.gob.mx\/wp-content\/uploads\/2020\/11\/8.-EXPOSICI\u00d3N-DE-MOTIVOS-Chong.pdf\" class=\"wp-block-file__button\" download>Descarga<\/a><\/div>\n\n\n\n<div class=\"wp-block-file\"><a href=\"http:\/\/justicia.congresocdmx.gob.mx\/wp-content\/uploads\/2020\/11\/9.-CARTA-DE-NO-ANTECEDENTES-Chong.pdf\">Carta de no antecedentes penales<\/a><a href=\"http:\/\/justicia.congresocdmx.gob.mx\/wp-content\/uploads\/2020\/11\/9.-CARTA-DE-NO-ANTECEDENTES-Chong.pdf\" class=\"wp-block-file__button\" download>Descarga<\/a><\/div>\n\n\n\n<div class=\"wp-block-file\"><a href=\"http:\/\/justicia.congresocdmx.gob.mx\/wp-content\/uploads\/2020\/11\/10.-NO-INHABILITACI\u00d3N-Chong.pdf\">Carta de no inhabilitaci\u00f3n local y federal.<\/a><a href=\"http:\/\/justicia.congresocdmx.gob.mx\/wp-content\/uploads\/2020\/11\/10.-NO-INHABILITACI\u00d3N-Chong.pdf\" class=\"wp-block-file__button\" download>Descarga<\/a><\/div>\n\n\n\n<div class=\"wp-block-file\"><a href=\"http:\/\/justicia.congresocdmx.gob.mx\/wp-content\/uploads\/2020\/11\/CARTAS-DE-APOYO-R.-CHONG.pdf\">Cartas de apoyo<\/a><a href=\"http:\/\/justicia.congresocdmx.gob.mx\/wp-content\/uploads\/2020\/11\/CARTAS-DE-APOYO-R.-CHONG.pdf\" class=\"wp-block-file__button\" download>Descarga<\/a><\/div>\n\n\n\n<h2 class=\"wp-block-heading\">P\u00e9rez Sol\u00eds Francisco Rom\u00e1n<\/h2>\n\n\n\n<div class=\"wp-block-file\"><a href=\"http:\/\/justicia.congresocdmx.gob.mx\/wp-content\/uploads\/2020\/11\/Acta-P\u00e9rez.pdf\">Acta de nacimiento.<\/a><a href=\"http:\/\/justicia.congresocdmx.gob.mx\/wp-content\/uploads\/2020\/11\/Acta-P\u00e9rez.pdf\" class=\"wp-block-file__button\" download>Descarga<\/a><\/div>\n\n\n\n<div class=\"wp-block-file\"><a href=\"http:\/\/justicia.congresocdmx.gob.mx\/wp-content\/uploads\/2020\/11\/1.-CV-P\u00e9rez.pdf\">CV.<\/a><a href=\"http:\/\/justicia.congresocdmx.gob.mx\/wp-content\/uploads\/2020\/11\/1.-CV-P\u00e9rez.pdf\" class=\"wp-block-file__button\" download>Descarga<\/a><\/div>\n\n\n\n<div class=\"wp-block-file\"><a href=\"http:\/\/justicia.congresocdmx.gob.mx\/wp-content\/uploads\/2020\/11\/3.-TITULO-P\u00e9rez.pdf\">T\u00edtulo.<\/a><a href=\"http:\/\/justicia.congresocdmx.gob.mx\/wp-content\/uploads\/2020\/11\/3.-TITULO-P\u00e9rez.pdf\" class=\"wp-block-file__button\" download>Descarga<\/a><\/div>\n\n\n\n<div class=\"wp-block-file\"><a href=\"http:\/\/justicia.congresocdmx.gob.mx\/wp-content\/uploads\/2020\/11\/4.-C\u00c9DULA-P\u00e9rez.pdf\">C\u00e9dula.<\/a><a href=\"http:\/\/justicia.congresocdmx.gob.mx\/wp-content\/uploads\/2020\/11\/4.-C\u00c9DULA-P\u00e9rez.pdf\" class=\"wp-block-file__button\" download>Descarga<\/a><\/div>\n\n\n\n<div class=\"wp-block-file\"><a href=\"http:\/\/justicia.congresocdmx.gob.mx\/wp-content\/uploads\/2020\/11\/6-ENSAYO-P\u00e9rez.pdf\">Ensayo.<\/a><a href=\"http:\/\/justicia.congresocdmx.gob.mx\/wp-content\/uploads\/2020\/11\/6-ENSAYO-P\u00e9rez.pdf\" class=\"wp-block-file__button\" download>Descarga<\/a><\/div>\n\n\n\n<div class=\"wp-block-file\"><a href=\"http:\/\/justicia.congresocdmx.gob.mx\/wp-content\/uploads\/2020\/11\/7.-EXPOSICI\u00d3N-DE-MOTIVOS-P\u00e9rez.pdf\">Exposici\u00f3n de motivos.<\/a><a href=\"http:\/\/justicia.congresocdmx.gob.mx\/wp-content\/uploads\/2020\/11\/7.-EXPOSICI\u00d3N-DE-MOTIVOS-P\u00e9rez.pdf\" class=\"wp-block-file__button\" download>Descarga<\/a><\/div>\n\n\n\n<div class=\"wp-block-file\"><a href=\"http:\/\/justicia.congresocdmx.gob.mx\/wp-content\/uploads\/2020\/11\/8.-CARTA-DE-NO-ANTECEDENTES-P\u00e9rez.pdf\">Carta de no antecedentes penales.<\/a><a href=\"http:\/\/justicia.congresocdmx.gob.mx\/wp-content\/uploads\/2020\/11\/8.-CARTA-DE-NO-ANTECEDENTES-P\u00e9rez.pdf\" class=\"wp-block-file__button\" download>Descarga<\/a><\/div>\n\n\n\n<div class=\"wp-block-file\"><a href=\"http:\/\/justicia.congresocdmx.gob.mx\/wp-content\/uploads\/2020\/11\/9.-NO-INHABILITACI\u00d3N-P\u00e9rez.pdf\">Carta de no inhabilitaci\u00f3n local y federal.  <\/a><a href=\"http:\/\/justicia.congresocdmx.gob.mx\/wp-content\/uploads\/2020\/11\/9.-NO-INHABILITACI\u00d3N-P\u00e9rez.pdf\" class=\"wp-block-file__button\" download>Descarga<\/a><\/div>\n","protected":false},"excerpt":{"rendered":"<p>Lineamientos Ceballos Orozco Octavio Isrrael Chong Flores Rafael P\u00e9rez Sol\u00eds Francisco Rom\u00e1n<\/p>\n","protected":false},"author":10,"featured_media":0,"parent":0,"menu_order":0,"comment_status":"closed","ping_status":"closed","template":"","meta":{"footnotes":""},"class_list":["post-2234","page","type-page","status-publish","hentry"],"_links":{"self":[{"href":"https:\/\/justicia.congresocdmx.gob.mx\/wp-json\/wp\/v2\/pages\/2234","targetHints":{"allow":["GET"]}}],"collection":[{"href":"https:\/\/justicia.congresocdmx.gob.mx\/wp-json\/wp\/v2\/pages"}],"about":[{"href":"https:\/\/justicia.congresocdmx.gob.mx\/wp-json\/wp\/v2\/types\/page"}],"author":[{"embeddable":true,"href":"https:\/\/justicia.congresocdmx.gob.mx\/wp-json\/wp\/v2\/users\/10"}],"replies":[{"embeddable":true,"href":"https:\/\/justicia.congresocdmx.gob.mx\/wp-json\/wp\/v2\/comments?post=2234"}],"version-history":[{"count":33,"href":"https:\/\/justicia.congresocdmx.gob.mx\/wp-json\/wp\/v2\/pages\/2234\/revisions"}],"predecessor-version":[{"id":2410,"href":"https:\/\/justicia.congresocdmx.gob.mx\/wp-json\/wp\/v2\/pages\/2234\/revisions\/2410"}],"wp:attachment":[{"href":"https:\/\/justicia.congresocdmx.gob.mx\/wp-json\/wp\/v2\/media?parent=2234"}],"curies":[{"name":"wp","href":"https:\/\/api.w.org\/{rel}","templated":true}]}}