{"id":2170,"date":"2020-11-18T19:29:46","date_gmt":"2020-11-19T01:29:46","guid":{"rendered":"http:\/\/justicia.congresocdmx.gob.mx\/?page_id=2170"},"modified":"2020-11-21T12:58:44","modified_gmt":"2020-11-21T18:58:44","slug":"magistrados","status":"publish","type":"page","link":"https:\/\/justicia.congresocdmx.gob.mx\/magistrados\/","title":{"rendered":"Magistrados del Tribunal de Justicia Administrativa de la Ciudad de M\u00e9xico"},"content":{"rendered":"\n<h2 class=\"wp-block-heading\">Propuestas de nombramiento<\/h2>\n\n\n\n<div class=\"wp-block-file\"><a href=\"http:\/\/justicia.congresocdmx.gob.mx\/wp-content\/uploads\/2020\/11\/1.pdf\">Primer bloque de propuestas de nombramiento.<\/a><a href=\"http:\/\/justicia.congresocdmx.gob.mx\/wp-content\/uploads\/2020\/11\/1.pdf\" class=\"wp-block-file__button\" download>Descarga<\/a><\/div>\n\n\n\n<div class=\"wp-block-file\"><a href=\"http:\/\/justicia.congresocdmx.gob.mx\/wp-content\/uploads\/2020\/11\/2.pdf\">Segundo bloque de propuestas de nombramiento.<\/a><a href=\"http:\/\/justicia.congresocdmx.gob.mx\/wp-content\/uploads\/2020\/11\/2.pdf\" class=\"wp-block-file__button\" download>Descarga<\/a><\/div>\n\n\n\n<h2 class=\"wp-block-heading\">Turnos de la Mesa Directiva<\/h2>\n\n\n\n<div class=\"wp-block-file\"><a href=\"http:\/\/justicia.congresocdmx.gob.mx\/wp-content\/uploads\/2020\/11\/Turnos-Mesa-Directiva.pdf\">Turnos de la Mesa Directiva.<\/a><a href=\"http:\/\/justicia.congresocdmx.gob.mx\/wp-content\/uploads\/2020\/11\/Turnos-Mesa-Directiva.pdf\" class=\"wp-block-file__button\" download>Descarga<\/a><\/div>\n\n\n\n<h2 class=\"wp-block-heading\">Publicaci\u00f3n en Diarios de Circulaci\u00f3n Nacional<\/h2>\n\n\n\n<div class=\"wp-block-file\"><a href=\"http:\/\/justicia.congresocdmx.gob.mx\/wp-content\/uploads\/2020\/11\/Publicaciones.pdf\">Publicaciones.<\/a><a href=\"http:\/\/justicia.congresocdmx.gob.mx\/wp-content\/uploads\/2020\/11\/Publicaciones.pdf\" class=\"wp-block-file__button\" download>Descarga<\/a><\/div>\n\n\n\n<h2 class=\"wp-block-heading\">Lineamientos<\/h2>\n\n\n\n<div class=\"wp-block-file\"><a href=\"http:\/\/justicia.congresocdmx.gob.mx\/wp-content\/uploads\/2020\/11\/Convocatoria.pdf\">Convocatoria para aprobar lineamientos.<\/a><a href=\"http:\/\/justicia.congresocdmx.gob.mx\/wp-content\/uploads\/2020\/11\/Convocatoria.pdf\" class=\"wp-block-file__button\" download>Descarga<\/a><\/div>\n\n\n\n<div class=\"wp-block-file\"><a href=\"http:\/\/justicia.congresocdmx.gob.mx\/wp-content\/uploads\/2020\/11\/Acuerdo-Lineamientos-Magistrados-TJA-aprobado-19-11-20.pdf\">Acuerdo de la Comisi\u00f3n de Administraci\u00f3n y Procuraci\u00f3n de Justicia por el que se establecen los Lineamientos para el Desahogo de Entrevistas y Evaluaciones de las Personas Propuestas para ser Nombradas en el Cargo de Magistradas y Magistrados del Tribunal de Justicia Administrativa de la Ciudad de M\u00e9xico.<\/a><a href=\"http:\/\/justicia.congresocdmx.gob.mx\/wp-content\/uploads\/2020\/11\/Acuerdo-Lineamientos-Magistrados-TJA-aprobado-19-11-20.pdf\" class=\"wp-block-file__button\" download>Descarga<\/a><\/div>\n\n\n\n<h2 class=\"wp-block-heading\">Albarr\u00e1n Acu\u00f1a Ludmila Valentina<\/h2>\n\n\n\n<div class=\"wp-block-file\"><a href=\"http:\/\/justicia.congresocdmx.gob.mx\/wp-content\/uploads\/2020\/11\/CV-VALENTINA.pdf\">CV.<\/a><a href=\"http:\/\/justicia.congresocdmx.gob.mx\/wp-content\/uploads\/2020\/11\/CV-VALENTINA.pdf\" class=\"wp-block-file__button\" download>Descarga<\/a><\/div>\n\n\n\n<div class=\"wp-block-file\"><a href=\"http:\/\/justicia.congresocdmx.gob.mx\/wp-content\/uploads\/2020\/11\/2-Retos-y-perspectivas-del-sistema-de-justicia-en-la-Ciudad-de-Me\u0301xico.pdf\">Ensayo.<\/a><a href=\"http:\/\/justicia.congresocdmx.gob.mx\/wp-content\/uploads\/2020\/11\/2-Retos-y-perspectivas-del-sistema-de-justicia-en-la-Ciudad-de-Me\u0301xico.pdf\" class=\"wp-block-file__button\" download>Descarga<\/a><\/div>\n\n\n\n<div class=\"wp-block-file\"><a href=\"http:\/\/justicia.congresocdmx.gob.mx\/wp-content\/uploads\/2020\/11\/Oficio_1_Albarr\u00e1n_Acu\u00f1a_Ludmila_Valentina.docx.pdf\">Convocatoria para entrevista.<\/a><a href=\"http:\/\/justicia.congresocdmx.gob.mx\/wp-content\/uploads\/2020\/11\/Oficio_1_Albarr\u00e1n_Acu\u00f1a_Ludmila_Valentina.docx.pdf\" class=\"wp-block-file__button\" download>Descarga<\/a><\/div>\n\n\n\n<h2 class=\"wp-block-heading\">Castro Scarpulli Nicandra<\/h2>\n\n\n\n<div class=\"wp-block-file\"><a href=\"http:\/\/justicia.congresocdmx.gob.mx\/wp-content\/uploads\/2020\/11\/Curriculum-Vitae-extracto.pdf\">CV.<\/a><a href=\"http:\/\/justicia.congresocdmx.gob.mx\/wp-content\/uploads\/2020\/11\/Curriculum-Vitae-extracto.pdf\" class=\"wp-block-file__button\" download>Descarga<\/a><\/div>\n\n\n\n<div class=\"wp-block-file\"><a href=\"http:\/\/justicia.congresocdmx.gob.mx\/wp-content\/uploads\/2020\/11\/ensayo-NCE.pdf\">Ensayo.<\/a><a href=\"http:\/\/justicia.congresocdmx.gob.mx\/wp-content\/uploads\/2020\/11\/ensayo-NCE.pdf\" class=\"wp-block-file__button\" download>Descarga<\/a><\/div>\n\n\n\n<div class=\"wp-block-file\"><a href=\"http:\/\/justicia.congresocdmx.gob.mx\/wp-content\/uploads\/2020\/11\/Oficio_2_Castro_Escarpulli_Nicandra.docx.pdf\">Convocatoria para entrevista.<\/a><a href=\"http:\/\/justicia.congresocdmx.gob.mx\/wp-content\/uploads\/2020\/11\/Oficio_2_Castro_Escarpulli_Nicandra.docx.pdf\" class=\"wp-block-file__button\" download>Descarga<\/a><\/div>\n\n\n\n<h2 class=\"wp-block-heading\">De la Rosa Pe\u00f1a Jos\u00e9 Arturo<\/h2>\n\n\n\n<div class=\"wp-block-file\"><a href=\"http:\/\/justicia.congresocdmx.gob.mx\/wp-content\/uploads\/2020\/11\/DICTAMEN-MAG.-DE-LA-ROSA.pdf\">Dictamen valuatorio.<\/a><a href=\"http:\/\/justicia.congresocdmx.gob.mx\/wp-content\/uploads\/2020\/11\/DICTAMEN-MAG.-DE-LA-ROSA.pdf\" class=\"wp-block-file__button\" download>Descarga<\/a><\/div>\n\n\n\n<div class=\"wp-block-file\"><a href=\"http:\/\/justicia.congresocdmx.gob.mx\/wp-content\/uploads\/2020\/11\/SINTESIS-CURRICULAR-MAG-DE-LA-ROSA-2020.pdf\">CV.<\/a><a href=\"http:\/\/justicia.congresocdmx.gob.mx\/wp-content\/uploads\/2020\/11\/SINTESIS-CURRICULAR-MAG-DE-LA-ROSA-2020.pdf\" class=\"wp-block-file__button\" download>Descarga<\/a><\/div>\n\n\n\n<div class=\"wp-block-file\"><a href=\"http:\/\/justicia.congresocdmx.gob.mx\/wp-content\/uploads\/2020\/11\/ENSAYO-.pdf\">Ensayo.<\/a><a href=\"http:\/\/justicia.congresocdmx.gob.mx\/wp-content\/uploads\/2020\/11\/ENSAYO-.pdf\" class=\"wp-block-file__button\" download>Descarga<\/a><\/div>\n\n\n\n<div class=\"wp-block-file\"><a href=\"http:\/\/justicia.congresocdmx.gob.mx\/wp-content\/uploads\/2020\/11\/Oficio_3_De_la_Rosa_Pe\u00f1a_Jos\u00e9_Arturo.docx.pdf\">Convocatoria para entrevista.<\/a><a href=\"http:\/\/justicia.congresocdmx.gob.mx\/wp-content\/uploads\/2020\/11\/Oficio_3_De_la_Rosa_Pe\u00f1a_Jos\u00e9_Arturo.docx.pdf\" class=\"wp-block-file__button\" download>Descarga<\/a><\/div>\n\n\n\n<h2 class=\"wp-block-heading\">Fuentes Jim\u00e9nez Estela<\/h2>\n\n\n\n<div class=\"wp-block-file\"><a href=\"http:\/\/justicia.congresocdmx.gob.mx\/wp-content\/uploads\/2020\/11\/DICTAMEN.pdf\">Dictamen valuatorio.<\/a><a href=\"http:\/\/justicia.congresocdmx.gob.mx\/wp-content\/uploads\/2020\/11\/DICTAMEN.pdf\" class=\"wp-block-file__button\" download>Descarga<\/a><\/div>\n\n\n\n<div class=\"wp-block-file\"><a href=\"http:\/\/justicia.congresocdmx.gob.mx\/wp-content\/uploads\/2020\/11\/CV-ESTELA-FUENTES-JIMENEZ.pdf\">CV.<\/a><a href=\"http:\/\/justicia.congresocdmx.gob.mx\/wp-content\/uploads\/2020\/11\/CV-ESTELA-FUENTES-JIMENEZ.pdf\" class=\"wp-block-file__button\" download>Descarga<\/a><\/div>\n\n\n\n<div class=\"wp-block-file\"><a href=\"http:\/\/justicia.congresocdmx.gob.mx\/wp-content\/uploads\/2020\/11\/Los-retos-de-la-Justicia-Administrativa-en-la-Ciudad-de-Me\u0301xico.pdf\">Ensayo.<\/a><a href=\"http:\/\/justicia.congresocdmx.gob.mx\/wp-content\/uploads\/2020\/11\/Los-retos-de-la-Justicia-Administrativa-en-la-Ciudad-de-Me\u0301xico.pdf\" class=\"wp-block-file__button\" download>Descarga<\/a><\/div>\n\n\n\n<div class=\"wp-block-file\"><a href=\"http:\/\/justicia.congresocdmx.gob.mx\/wp-content\/uploads\/2020\/11\/Oficio_4_Fuentes_Jim\u00e9nez_Estela.docx.pdf\">Convocatoria para entrevista.<\/a><a href=\"http:\/\/justicia.congresocdmx.gob.mx\/wp-content\/uploads\/2020\/11\/Oficio_4_Fuentes_Jim\u00e9nez_Estela.docx.pdf\" class=\"wp-block-file__button\" download>Descarga<\/a><\/div>\n\n\n\n<h2 class=\"wp-block-heading\">G\u00f3mez Mart\u00edn Mar\u00eda Luisa<\/h2>\n\n\n\n<div class=\"wp-block-file\"><a href=\"http:\/\/justicia.congresocdmx.gob.mx\/wp-content\/uploads\/2020\/11\/curriculum-version-publica.pdf\">CV.<\/a><a href=\"http:\/\/justicia.congresocdmx.gob.mx\/wp-content\/uploads\/2020\/11\/curriculum-version-publica.pdf\" class=\"wp-block-file__button\" download>Descarga<\/a><\/div>\n\n\n\n<div class=\"wp-block-file\"><a href=\"http:\/\/justicia.congresocdmx.gob.mx\/wp-content\/uploads\/2020\/11\/ENSAYO-MARI\u0301A-LUISA-GO\u0301MEZ-MARTI\u0301N-.pdf\">Ensayo.<\/a><a href=\"http:\/\/justicia.congresocdmx.gob.mx\/wp-content\/uploads\/2020\/11\/ENSAYO-MARI\u0301A-LUISA-GO\u0301MEZ-MARTI\u0301N-.pdf\" class=\"wp-block-file__button\" download>Descarga<\/a><\/div>\n\n\n\n<div class=\"wp-block-file\"><a href=\"http:\/\/justicia.congresocdmx.gob.mx\/wp-content\/uploads\/2020\/11\/Oficio_5_G\u00f3mez_Mart\u00edn_Mar\u00eda_Luisa.docx.pdf\">Convocatoria para entrevista.<\/a><a href=\"http:\/\/justicia.congresocdmx.gob.mx\/wp-content\/uploads\/2020\/11\/Oficio_5_G\u00f3mez_Mart\u00edn_Mar\u00eda_Luisa.docx.pdf\" class=\"wp-block-file__button\" download>Descarga<\/a><\/div>\n\n\n\n<h2 class=\"wp-block-heading\">Gonz\u00e1lez Jim\u00e9nez Arturo<\/h2>\n\n\n\n<div class=\"wp-block-file\"><a href=\"http:\/\/justicia.congresocdmx.gob.mx\/wp-content\/uploads\/2020\/11\/dictamen-valuatorio.pdf\">Dictamen valuatorio.<\/a><a href=\"http:\/\/justicia.congresocdmx.gob.mx\/wp-content\/uploads\/2020\/11\/dictamen-valuatorio.pdf\" class=\"wp-block-file__button\" download>Descarga<\/a><\/div>\n\n\n\n<div class=\"wp-block-file\"><a href=\"http:\/\/justicia.congresocdmx.gob.mx\/wp-content\/uploads\/2020\/11\/CURRICULUM-MIO-dos-MAGISTRADO.pdf\">CV.<\/a><a href=\"http:\/\/justicia.congresocdmx.gob.mx\/wp-content\/uploads\/2020\/11\/CURRICULUM-MIO-dos-MAGISTRADO.pdf\" class=\"wp-block-file__button\" download>Descarga<\/a><\/div>\n\n\n\n<div class=\"wp-block-file\"><a href=\"http:\/\/justicia.congresocdmx.gob.mx\/wp-content\/uploads\/2020\/11\/La-buena-administracion-como-derecho-fundamental-CDMX-1.pdf\">Ensayo.<\/a><a href=\"http:\/\/justicia.congresocdmx.gob.mx\/wp-content\/uploads\/2020\/11\/La-buena-administracion-como-derecho-fundamental-CDMX-1.pdf\" class=\"wp-block-file__button\" download>Descarga<\/a><\/div>\n\n\n\n<div class=\"wp-block-file\"><a href=\"http:\/\/justicia.congresocdmx.gob.mx\/wp-content\/uploads\/2020\/11\/Oficio_6_Gonz\u00e1lez_Jim\u00e9nez_Arturo.docx.pdf\">Convocatoria para entrevista.<\/a><a href=\"http:\/\/justicia.congresocdmx.gob.mx\/wp-content\/uploads\/2020\/11\/Oficio_6_Gonz\u00e1lez_Jim\u00e9nez_Arturo.docx.pdf\" class=\"wp-block-file__button\" download>Descarga<\/a><\/div>\n\n\n\n<h2 class=\"wp-block-heading\">Hern\u00e1ndez Torres X\u00f3chitl Almendra<\/h2>\n\n\n\n<div class=\"wp-block-file\"><a href=\"http:\/\/justicia.congresocdmx.gob.mx\/wp-content\/uploads\/2020\/11\/Curriculum-actual-VERSIO\u0301N-PU\u0301BLICA.pdf\">CV.<\/a><a href=\"http:\/\/justicia.congresocdmx.gob.mx\/wp-content\/uploads\/2020\/11\/Curriculum-actual-VERSIO\u0301N-PU\u0301BLICA.pdf\" class=\"wp-block-file__button\" download>Descarga<\/a><\/div>\n\n\n\n<div class=\"wp-block-file\"><a href=\"http:\/\/justicia.congresocdmx.gob.mx\/wp-content\/uploads\/2020\/11\/Ensayo.pdf\">Ensayo.<\/a><a href=\"http:\/\/justicia.congresocdmx.gob.mx\/wp-content\/uploads\/2020\/11\/Ensayo.pdf\" class=\"wp-block-file__button\" download>Descarga<\/a><\/div>\n\n\n\n<div class=\"wp-block-file\"><a href=\"http:\/\/justicia.congresocdmx.gob.mx\/wp-content\/uploads\/2020\/11\/Oficio_7_Hern\u00e1ndez_Torres_X\u00f3chitl_Almendra.docx.pdf\">Convocatoria para entrevista.<\/a><a href=\"http:\/\/justicia.congresocdmx.gob.mx\/wp-content\/uploads\/2020\/11\/Oficio_7_Hern\u00e1ndez_Torres_X\u00f3chitl_Almendra.docx.pdf\" class=\"wp-block-file__button\" download>Descarga<\/a><\/div>\n\n\n\n<h2 class=\"wp-block-heading\">Herrera Beltr\u00e1n Ofelia Paola<\/h2>\n\n\n\n<div class=\"wp-block-file\"><a href=\"http:\/\/justicia.congresocdmx.gob.mx\/wp-content\/uploads\/2020\/11\/VERSIO\u0301N-PU\u0301BLICA-CURRICULUM.pdf\">CV.<\/a><a href=\"http:\/\/justicia.congresocdmx.gob.mx\/wp-content\/uploads\/2020\/11\/VERSIO\u0301N-PU\u0301BLICA-CURRICULUM.pdf\" class=\"wp-block-file__button\" download>Descarga<\/a><\/div>\n\n\n\n<div class=\"wp-block-file\"><a href=\"http:\/\/justicia.congresocdmx.gob.mx\/wp-content\/uploads\/2020\/11\/ENSAYO-OFELIA-PAOLA-HERRERA-BELTRA\u0301N.pdf\">Ensayo.<\/a><a href=\"http:\/\/justicia.congresocdmx.gob.mx\/wp-content\/uploads\/2020\/11\/ENSAYO-OFELIA-PAOLA-HERRERA-BELTRA\u0301N.pdf\" class=\"wp-block-file__button\" download>Descarga<\/a><\/div>\n\n\n\n<div class=\"wp-block-file\"><a href=\"http:\/\/justicia.congresocdmx.gob.mx\/wp-content\/uploads\/2020\/11\/Oficio_8_Herrera_Beltr\u00e1n_Ofelia_Paola.docx.pdf\">Convocatoria para entrevista.<\/a><a href=\"http:\/\/justicia.congresocdmx.gob.mx\/wp-content\/uploads\/2020\/11\/Oficio_8_Herrera_Beltr\u00e1n_Ofelia_Paola.docx.pdf\" class=\"wp-block-file__button\" download>Descarga<\/a><\/div>\n\n\n\n<h2 class=\"wp-block-heading\">Ortiz Quintero Larisa<\/h2>\n\n\n\n<div class=\"wp-block-file\"><a href=\"http:\/\/justicia.congresocdmx.gob.mx\/wp-content\/uploads\/2020\/11\/Curriculum-Larisa-Ortiz-Quintero-sep-2020.pdf\">CV.<\/a><a href=\"http:\/\/justicia.congresocdmx.gob.mx\/wp-content\/uploads\/2020\/11\/Curriculum-Larisa-Ortiz-Quintero-sep-2020.pdf\" class=\"wp-block-file__button\" download>Descarga<\/a><\/div>\n\n\n\n<div class=\"wp-block-file\"><a href=\"http:\/\/justicia.congresocdmx.gob.mx\/wp-content\/uploads\/2020\/11\/ENSAYO.-DERECHO-A-LA-BUENA-ADMINISTRACI\u00d3N-Y-SU-GARANTIA-JURISDICCIONAL.-LARISA-ORTIZ-QUINTERO.pdf\">Ensayo.<\/a><a href=\"http:\/\/justicia.congresocdmx.gob.mx\/wp-content\/uploads\/2020\/11\/ENSAYO.-DERECHO-A-LA-BUENA-ADMINISTRACI\u00d3N-Y-SU-GARANTIA-JURISDICCIONAL.-LARISA-ORTIZ-QUINTERO.pdf\" class=\"wp-block-file__button\" download>Descarga<\/a><\/div>\n\n\n\n<div class=\"wp-block-file\"><a href=\"http:\/\/justicia.congresocdmx.gob.mx\/wp-content\/uploads\/2020\/11\/Oficio_9_Ortiz_Quintero_Larisa.docx.pdf\">Convocatoria para entrevista.<\/a><a href=\"http:\/\/justicia.congresocdmx.gob.mx\/wp-content\/uploads\/2020\/11\/Oficio_9_Ortiz_Quintero_Larisa.docx.pdf\" class=\"wp-block-file__button\" download>Descarga<\/a><\/div>\n\n\n\n<h2 class=\"wp-block-heading\">Schwebel Cabrera Ernesto<\/h2>\n\n\n\n<div class=\"wp-block-file\"><a href=\"http:\/\/justicia.congresocdmx.gob.mx\/wp-content\/uploads\/2020\/11\/DICTAMEN-MAGISTRADO-SCHWEBEL..PDF2689.pdf\">Dictamen valuatorio.<\/a><a href=\"http:\/\/justicia.congresocdmx.gob.mx\/wp-content\/uploads\/2020\/11\/DICTAMEN-MAGISTRADO-SCHWEBEL..PDF2689.pdf\" class=\"wp-block-file__button\" download>Descarga<\/a><\/div>\n\n\n\n<div class=\"wp-block-file\"><a href=\"http:\/\/justicia.congresocdmx.gob.mx\/wp-content\/uploads\/2020\/11\/CV.pdf\">CV.<\/a><a href=\"http:\/\/justicia.congresocdmx.gob.mx\/wp-content\/uploads\/2020\/11\/CV.pdf\" class=\"wp-block-file__button\" download>Descarga<\/a><\/div>\n\n\n\n<div class=\"wp-block-file\"><a href=\"http:\/\/justicia.congresocdmx.gob.mx\/wp-content\/uploads\/2020\/11\/Equidad-de-Genero-en-el-Tribunal-de-Justicia-Administrativa-de-la-CDMX.pdf\">Ensayo.<\/a><a href=\"http:\/\/justicia.congresocdmx.gob.mx\/wp-content\/uploads\/2020\/11\/Equidad-de-Genero-en-el-Tribunal-de-Justicia-Administrativa-de-la-CDMX.pdf\" class=\"wp-block-file__button\" download>Descarga<\/a><\/div>\n\n\n\n<div class=\"wp-block-file\"><a href=\"http:\/\/justicia.congresocdmx.gob.mx\/wp-content\/uploads\/2020\/11\/Oficio_10__Schwebel_Cabrera_Ernesto.docx.pdf\">Convocatoria para entrevista.<\/a><a href=\"http:\/\/justicia.congresocdmx.gob.mx\/wp-content\/uploads\/2020\/11\/Oficio_10__Schwebel_Cabrera_Ernesto.docx.pdf\" class=\"wp-block-file__button\" download>Descarga<\/a><\/div>\n\n\n\n<h2 class=\"wp-block-heading\">Silva Mondrag\u00f3n Ruth Mar\u00eda Paz<\/h2>\n\n\n\n<div class=\"wp-block-file\"><a href=\"http:\/\/justicia.congresocdmx.gob.mx\/wp-content\/uploads\/2020\/11\/CURRICULUM-VITAE-VERSIO\u0301N-PU\u0301BLICA-PAZ-2020.pdf\">CV.<\/a><a href=\"http:\/\/justicia.congresocdmx.gob.mx\/wp-content\/uploads\/2020\/11\/CURRICULUM-VITAE-VERSIO\u0301N-PU\u0301BLICA-PAZ-2020.pdf\" class=\"wp-block-file__button\" download>Descarga<\/a><\/div>\n\n\n\n<div class=\"wp-block-file\"><a href=\"http:\/\/justicia.congresocdmx.gob.mx\/wp-content\/uploads\/2020\/11\/PERSPECTIVA-Y-RETOS-DE-LA-JUSTICIA-ADMINISTRATIVA.pdf\">Ensayo.<\/a><a href=\"http:\/\/justicia.congresocdmx.gob.mx\/wp-content\/uploads\/2020\/11\/PERSPECTIVA-Y-RETOS-DE-LA-JUSTICIA-ADMINISTRATIVA.pdf\" class=\"wp-block-file__button\" download>Descarga<\/a><\/div>\n\n\n\n<div class=\"wp-block-file\"><a href=\"http:\/\/justicia.congresocdmx.gob.mx\/wp-content\/uploads\/2020\/11\/Oficio_11_Silva_Mondrag\u00f3n_Ruth_Mar\u00eda_Paz.docx.pdf\">Convocatoria para entrevista.<\/a><a href=\"http:\/\/justicia.congresocdmx.gob.mx\/wp-content\/uploads\/2020\/11\/Oficio_11_Silva_Mondrag\u00f3n_Ruth_Mar\u00eda_Paz.docx.pdf\" class=\"wp-block-file__button\" download>Descarga<\/a><\/div>\n","protected":false},"excerpt":{"rendered":"<p>Propuestas de nombramiento Turnos de la Mesa Directiva Publicaci\u00f3n en Diarios de Circulaci\u00f3n Nacional Lineamientos Albarr\u00e1n Acu\u00f1a Ludmila Valentina Castro Scarpulli Nicandra De la Rosa Pe\u00f1a Jos\u00e9 Arturo Fuentes Jim\u00e9nez Estela G\u00f3mez Mart\u00edn Mar\u00eda Luisa Gonz\u00e1lez Jim\u00e9nez Arturo Hern\u00e1ndez Torres X\u00f3chitl Almendra Herrera Beltr\u00e1n Ofelia Paola Ortiz Quintero Larisa Schwebel Cabrera Ernesto Silva Mondrag\u00f3n Ruth Mar\u00eda Paz<\/p>\n","protected":false},"author":10,"featured_media":0,"parent":0,"menu_order":0,"comment_status":"closed","ping_status":"closed","template":"","meta":{"footnotes":""},"class_list":["post-2170","page","type-page","status-publish","hentry"],"_links":{"self":[{"href":"https:\/\/justicia.congresocdmx.gob.mx\/wp-json\/wp\/v2\/pages\/2170","targetHints":{"allow":["GET"]}}],"collection":[{"href":"https:\/\/justicia.congresocdmx.gob.mx\/wp-json\/wp\/v2\/pages"}],"about":[{"href":"https:\/\/justicia.congresocdmx.gob.mx\/wp-json\/wp\/v2\/types\/page"}],"author":[{"embeddable":true,"href":"https:\/\/justicia.congresocdmx.gob.mx\/wp-json\/wp\/v2\/users\/10"}],"replies":[{"embeddable":true,"href":"https:\/\/justicia.congresocdmx.gob.mx\/wp-json\/wp\/v2\/comments?post=2170"}],"version-history":[{"count":49,"href":"https:\/\/justicia.congresocdmx.gob.mx\/wp-json\/wp\/v2\/pages\/2170\/revisions"}],"predecessor-version":[{"id":2333,"href":"https:\/\/justicia.congresocdmx.gob.mx\/wp-json\/wp\/v2\/pages\/2170\/revisions\/2333"}],"wp:attachment":[{"href":"https:\/\/justicia.congresocdmx.gob.mx\/wp-json\/wp\/v2\/media?parent=2170"}],"curies":[{"name":"wp","href":"https:\/\/api.w.org\/{rel}","templated":true}]}}