{"id":198,"date":"2020-06-11T16:37:00","date_gmt":"2020-06-11T21:37:00","guid":{"rendered":"http:\/\/35.226.181.93\/?page_id=198"},"modified":"2020-08-17T16:48:56","modified_gmt":"2020-08-17T21:48:56","slug":"iniciativas-turnadas","status":"publish","type":"page","link":"https:\/\/justicia.congresocdmx.gob.mx\/iniciativas-turnadas\/","title":{"rendered":"Iniciativas turnadas 2018"},"content":{"rendered":"\n<p><\/p>\n\n\n\n<h2 class=\"wp-block-heading\">Octubre <\/h2>\n\n\n\n<div class=\"wp-block-file\"><a href=\"http:\/\/justicia.congresocdmx.gob.mx\/wp-content\/uploads\/2020\/08\/1.pdf\">1) INICIATIVA CONSTITUCIONAL CON PROYECTO DE DECRETO QUE ADICIONA UN P\u00c1RRAFO SEXTO AL ART\u00cdCULO 18 DE LA CONSTITUCI\u00d3N POL\u00cdTICA DE LOS ESTADOS UNIDOS MEXICANOS.   <br>Dip. Sandra Esther Vaca Cort\u00e9s <\/a><a href=\"http:\/\/justicia.congresocdmx.gob.mx\/wp-content\/uploads\/2020\/08\/1.pdf\" class=\"wp-block-file__button\" download>Descarga<\/a><\/div>\n\n\n\n<div class=\"wp-block-file\"><a href=\"http:\/\/justicia.congresocdmx.gob.mx\/wp-content\/uploads\/2020\/08\/terapias.pdf\">2) INICIATIVA CON PROYECTO DE DECRETO QUE REFORMA EL ART\u00cdCULO 206 BIS DEL C\u00d3DIGO PENAL DE LA CIUDAD DE M\u00c9XICO EN MATERIA DE TIPIFICACI\u00d3N A LOS CONTRATOS, TRATAMIENTOS, TERAPIAS O SERVICIOS, TAREAS O ACTIVIDADES QUE PRETENDAN CORREGIR LA ORIENTACI\u00d3N SEXUAL E IDENTIDAD O EXPRESI\u00d3N DE G\u00c9NERO Y QUE ATIENDEN CONTRA LA LIBRE AUTODETERMINACI\u00d3N DE LAS PERSONAS EN LA CIUDAD DE M\u00c9XICO.   <br>Dip. Marco Antonio Tem\u00edstocles Villanueva Ramos <\/a><a href=\"http:\/\/justicia.congresocdmx.gob.mx\/wp-content\/uploads\/2020\/08\/terapias.pdf\" class=\"wp-block-file__button\" download>Descarga<\/a><\/div>\n\n\n\n<div class=\"wp-block-file\"><a href=\"http:\/\/justicia.congresocdmx.gob.mx\/wp-content\/uploads\/2020\/08\/3.pdf\">3) INICIATIVA CON PROYECTO DE DECRETO POR EL QUE SE REFORMA EL T\u00cdTULO VIG\u00c9SIMO QUINTO DEL C\u00d3DIGO PENAL PARA EL DISTRITO FEDERAL, EN MATERIA DE REGULACI\u00d3N PARA PUBLICIDAD EXTERIOR, ADICIONANDO LOS ART\u00cdCULOS 346 BIS, 346 TER, 346 CUATER, 346 QUINTUS Y SE DEROGAN LOS ART\u00cdCULOS 94 BIS, 94 TER, 94 CUATER Y 94 QUINTUS DE LA LEY DE PUBLICIDAD EXTERIOR DEL DISTRITO FEDERAL.  <br>Dip. Mar\u00eda Gabriela Salido Magos <\/a><a href=\"http:\/\/justicia.congresocdmx.gob.mx\/wp-content\/uploads\/2020\/08\/3.pdf\" class=\"wp-block-file__button\" download>Descarga<\/a><\/div>\n\n\n\n<div class=\"wp-block-file\"><a href=\"http:\/\/justicia.congresocdmx.gob.mx\/wp-content\/uploads\/2020\/08\/3-1.pdf\">4) PROPUESTA DE INICIATIVA CON PROYECTO DE DECRETO POR EL QUE SE REFORMAN Y ADICIONAN LOS INCISOS A) Y B); SE DEROGAN LOS P\u00c1RRAFOS SEGUNDO Y TERCERO DEL INCISO C) DE LA FRACCI\u00d3N XXI DEL ART\u00cdCULO 73 DE LA CONSTITUCI\u00d3N POL\u00cdTICA DE LOS ESTADOS UNIDOS MEXICANOS PARA INTERPONERSE ANTE LA C\u00c1MARA DE SENADORES DEL H. CONGRESO DE LA UNI\u00d3N.  <br>Dip. Alberto Mart\u00ednez Urincho <\/a><a href=\"http:\/\/justicia.congresocdmx.gob.mx\/wp-content\/uploads\/2020\/08\/3-1.pdf\" class=\"wp-block-file__button\" download>Descarga<\/a><\/div>\n\n\n\n<div class=\"wp-block-file\"><a href=\"http:\/\/justicia.congresocdmx.gob.mx\/wp-content\/uploads\/2020\/08\/5.pdf\">5) INICIATIVA CON PROYECTO DE DECRETO POR EL QUE SE DEROGAN LOS ART\u00cdCULOS 287 Y 362 DEL C\u00d3DIGO PENAL PARA EL DISTRITO FEDERAL. <br>Dip. Armando Tonatiuh Gonz\u00e1lez Case  <\/a><a href=\"http:\/\/justicia.congresocdmx.gob.mx\/wp-content\/uploads\/2020\/08\/5.pdf\" class=\"wp-block-file__button\" download>Descarga<\/a><\/div>\n\n\n\n<div class=\"wp-block-file\"><a href=\"http:\/\/justicia.congresocdmx.gob.mx\/wp-content\/uploads\/2020\/08\/6.pdf\">6) INICIATIVA CON PROYECTO DE DECRETO POR EL QUE SE REFORMA EL ART\u00cdCULO 66 DE LA LEY ORG\u00c1NICA DEL PODER JUDICIAL DE LA CIUDAD DE M\u00c9XICO. <br>Dip. Circe Camacho Bastida <\/a><a href=\"http:\/\/justicia.congresocdmx.gob.mx\/wp-content\/uploads\/2020\/08\/6.pdf\" class=\"wp-block-file__button\" download>Descarga<\/a><\/div>\n\n\n\n<div class=\"wp-block-file\"><a href=\"http:\/\/justicia.congresocdmx.gob.mx\/wp-content\/uploads\/2020\/08\/7.pdf\">7) INICIATIVA CON PROYECTO DE DECRETO POR EL QUE SE REFORMAN, ADICIONAN Y DEROGAN DIVERSAS   DISPOSICIONES DE LA LEY ORG\u00c1NICA DE LA FISCAL\u00cdA ESPECIALIZADA EN COMBATE A LA CORRUPCI\u00d3N.<br>Dip. Ernestina Godoy Ramos <\/a><a href=\"http:\/\/justicia.congresocdmx.gob.mx\/wp-content\/uploads\/2020\/08\/7.pdf\" class=\"wp-block-file__button\" download>Descarga<\/a><\/div>\n\n\n\n<div class=\"wp-block-file\"><a href=\"http:\/\/justicia.congresocdmx.gob.mx\/wp-content\/uploads\/2020\/08\/7-1.pdf\">8) INICIATIVA CON PROYECTO DE DECRETO POR EL QUE SE REFORMAN, ADICIONAN Y DEROGAN DIVERSAS   DISPOSICIONES DE LA LEY ORG\u00c1NICA DEL TRIBUNAL DE JUSTICIA ADMINISTRATIVA.<br>Dip. Ernestina Godoy Ramos   <\/a><a href=\"http:\/\/justicia.congresocdmx.gob.mx\/wp-content\/uploads\/2020\/08\/7-1.pdf\" class=\"wp-block-file__button\" download>Descarga<\/a><\/div>\n\n\n\n<div class=\"wp-block-file\"><a href=\"http:\/\/justicia.congresocdmx.gob.mx\/wp-content\/uploads\/2020\/08\/9.pdf\">9) INICIATIVA CON PROYECTO DE DECRETO POR EL QUE SE REFORMAN LOS ART\u00cdCULOS 125 Y 148 BIS Y SE DEROGA EL ART\u00cdCULO 136 DEL C\u00d3DIGO PENAL PARA EL DISTRITO FEDERAL.<br>Dip. Marco Antonio Tem\u00edstocles Villanueva Ramos y Dip. Paula Adriana Soto Maldonado <\/a><a href=\"http:\/\/justicia.congresocdmx.gob.mx\/wp-content\/uploads\/2020\/08\/9.pdf\" class=\"wp-block-file__button\" download>Descarga<\/a><\/div>\n\n\n\n<div class=\"wp-block-file\"><a href=\"http:\/\/justicia.congresocdmx.gob.mx\/wp-content\/uploads\/2020\/08\/10.pdf\">10) INICIATIVA CON PROYECTO DE DECRETO POR LA QUE SE ADICIONA Y REFORMAN DIVERSAS DISPOSICIONES DEL C\u00d3DIGO NACIONAL DE PROCEDIMIENTOS PENALES.  <br>Ex Jefe de Gobierno, Jos\u00e9 Ram\u00f3n Amieva G\u00e1lvez <\/a><a href=\"http:\/\/justicia.congresocdmx.gob.mx\/wp-content\/uploads\/2020\/08\/10.pdf\" class=\"wp-block-file__button\" download>Descarga<\/a><\/div>\n\n\n\n<div class=\"wp-block-file\"><a href=\"http:\/\/justicia.congresocdmx.gob.mx\/wp-content\/uploads\/2020\/08\/11.pdf\">11) INICIATIVA CON PROYECTO DE DECRETO POR EL CUAL SE ADICIONA UN SEGUNDO P\u00c1RRAFO AL ART\u00cdCULO 356 Y SE CREA EL ART\u00cdCULO 360 BIS DEL C\u00d3DIGO PENAL PARA EL DISTRITO FEDERAL.<br>Dip. Ricardo Ru\u00edz Su\u00e1rez <\/a><a href=\"http:\/\/justicia.congresocdmx.gob.mx\/wp-content\/uploads\/2020\/08\/11.pdf\" class=\"wp-block-file__button\" download>Descarga<\/a><\/div>\n\n\n\n<div class=\"wp-block-file\"><a href=\"http:\/\/justicia.congresocdmx.gob.mx\/wp-content\/uploads\/2020\/08\/12.pdf\">12) INICIATIVA CON PROYECTO DE DECRETO POR EL QUE SE MODIFICA EL ART\u00cdCULO 224 DEL C\u00d3DIGO PENAL PARA EL DISTRITO FEDERAL. <br>Dip. Nazario Norberto S\u00e1nchez <\/a><a href=\"http:\/\/justicia.congresocdmx.gob.mx\/wp-content\/uploads\/2020\/08\/12.pdf\" class=\"wp-block-file__button\" download>Descarga<\/a><\/div>\n\n\n\n<div class=\"wp-block-file\"><a href=\"http:\/\/justicia.congresocdmx.gob.mx\/wp-content\/uploads\/2020\/08\/13.pdf\">13) INICIATIVA CON PROYECTO DE DECRETO POR EL QUE SE REFORMA EL ART\u00cdCULO 4, NUMERAL 6 DE LA CONSTITUCI\u00d3N POL\u00cdTICA DE LA CIUDAD DE M\u00c9XICO. <br>Dip. Nazario Norberto S\u00e1nchez  <\/a><a href=\"http:\/\/justicia.congresocdmx.gob.mx\/wp-content\/uploads\/2020\/08\/13.pdf\" class=\"wp-block-file__button\" download>Descarga<\/a><\/div>\n\n\n\n<h2 class=\"wp-block-heading\">Noviembre<\/h2>\n\n\n\n<div class=\"wp-block-file\"><a href=\"http:\/\/justicia.congresocdmx.gob.mx\/wp-content\/uploads\/2020\/08\/14.pdf\">14) INICIATIVA CON PROYECTO DE DECRETO POR EL CUAL SE ADICIONAN Y REFORMAN DIVERSAS DISPOSICIONES DEL C\u00d3DIGO PENAL PARA EL DISTRITO FEDERAL, DEL C\u00d3DIGO DE   INSTITUCIONES Y PROCEDIMIENTOS ELECTORALES DE LA CIUDAD DE M\u00c9XICO Y DE LA LEY PROCESAL ELECTORAL PARA LA CIUDAD DE M\u00c9XICO.<br>Dip. Paula Adriana Soto Maldonado <\/a><a href=\"http:\/\/justicia.congresocdmx.gob.mx\/wp-content\/uploads\/2020\/08\/14.pdf\" class=\"wp-block-file__button\" download>Descarga<\/a><\/div>\n\n\n\n<div class=\"wp-block-file\"><a href=\"http:\/\/justicia.congresocdmx.gob.mx\/wp-content\/uploads\/2020\/08\/15.pdf\">15) INICIATIVA DE LEY CON PROYECTO DE DECRETO POR LA CUAL SE REFORMAN LOS INCISOS A), B) Y C), DE LA FRACCI\u00d3N II, DEL ART\u00cdCULO 80 Y SE MODIFICA EL PRIMER P\u00c1RRAFO DEL ART\u00cdCULO 115 DE LA LEY DE V\u00cdCTIMAS PARA LA CIUDAD DE M\u00c9XICO.<br>Dip. Jos\u00e9 Emmanuel Vargas Bernal <\/a><a href=\"http:\/\/justicia.congresocdmx.gob.mx\/wp-content\/uploads\/2020\/08\/15.pdf\" class=\"wp-block-file__button\" download>Descarga<\/a><\/div>\n\n\n\n<div class=\"wp-block-file\"><a href=\"http:\/\/justicia.congresocdmx.gob.mx\/wp-content\/uploads\/2020\/08\/16.pdf\">16) INICIATIVA CON PROYECTO DE DECRETO POR EL QUE SE ADICIONA UN ART\u00cdCULO 224 BIS, AL C\u00d3DIGO PENAL DE LA CIUDAD DE M\u00c9XICO.   <br>Dip. H\u00e9ctor Barrera Marmolejo <\/a><a href=\"http:\/\/justicia.congresocdmx.gob.mx\/wp-content\/uploads\/2020\/08\/16.pdf\" class=\"wp-block-file__button\" download>Descarga<\/a><\/div>\n\n\n\n<div class=\"wp-block-file\"><a href=\"http:\/\/justicia.congresocdmx.gob.mx\/wp-content\/uploads\/2020\/08\/17.pdf\">17) INICIATIVA CON PROYECTO DE DECRETO POR EL QUE SE CREA LA LEY DE ATENCI\u00d3N Y PREVENCI\u00d3N DE LA VIOLENCIA FAMILIAR PARA LA CIUDAD DE M\u00c9XICO Y ABROGA LA LEY DE ASISTENCIA Y PREVENCI\u00d3N DE LA VIOLENCIA FAMILIAR.   <br>Dip. Miguel \u00c1ngel Salazar Mart\u00ednez <\/a><a href=\"http:\/\/justicia.congresocdmx.gob.mx\/wp-content\/uploads\/2020\/08\/17.pdf\" class=\"wp-block-file__button\" download>Descarga<\/a><\/div>\n\n\n\n<div class=\"wp-block-file\"><a href=\"http:\/\/justicia.congresocdmx.gob.mx\/wp-content\/uploads\/2020\/08\/18.pdf\">18) INICIATIVA CON PROYECTO DE DECRETO POR LA QUE SE REFORMA LA DENOMINACI\u00d3N Y SE REFORMA EL ART\u00cdCULO 343 BIS DEL C\u00d3DIGO PENAL PARA EL DISTRITO FEDERAL. <br>Dip. Alessandra  Rojo de la Vega Piccolo y Dip. Teresa Ramos Arreola <\/a><a href=\"http:\/\/justicia.congresocdmx.gob.mx\/wp-content\/uploads\/2020\/08\/18.pdf\" class=\"wp-block-file__button\" download>Descarga<\/a><\/div>\n\n\n\n<div class=\"wp-block-file\"><a href=\"http:\/\/justicia.congresocdmx.gob.mx\/wp-content\/uploads\/2020\/08\/19.pdf\">19) INICIATIVA CON PROYECTO DE DECRETO POR EL QUE SE REFORMAN Y ADICIONAN EL S\u00c9PTIMO P\u00c1RRAFO DEL ART\u00cdCULO 51 BIS Y EL TERCER P\u00c1RRAFO DEL ART\u00cdCULO 247 DE   LA LEY ORG\u00c1NICA DEL TRIBUNAL SUPERIOR DE JUSTICIA DEL DISTRITO FEDERAL, CON RELACI\u00d3N A LAS COMPETENCIAS DE LOS TRIBUNALES DE ENJUICIAMIENTO EN EL SISTEMA PROCESAL PENAL ACUSATORIO.<br>Dip. Eleazar Rubio Aldar\u00e1n<br>         <\/a><a href=\"http:\/\/justicia.congresocdmx.gob.mx\/wp-content\/uploads\/2020\/08\/19.pdf\" class=\"wp-block-file__button\" download>Descarga<\/a><\/div>\n\n\n\n<div class=\"wp-block-file\"><a href=\"http:\/\/justicia.congresocdmx.gob.mx\/wp-content\/uploads\/2020\/08\/20.pdf\"> 20) INICIATIVA CON PROYECTO DE DECRETO POR EL QUE SE ADICIONA UN CAP\u00cdTULO AL T\u00cdTULO QUINTO DEL LIBRO PRIMERO, DEL C\u00d3DIGO PENAL PARA EL DISTRITO FEDERAL. <br>Dip. Nazario Norberto S\u00e1nchez   <\/a><a href=\"http:\/\/justicia.congresocdmx.gob.mx\/wp-content\/uploads\/2020\/08\/20.pdf\" class=\"wp-block-file__button\" download>Descarga<\/a><\/div>\n\n\n\n<div class=\"wp-block-file\"><a href=\"http:\/\/justicia.congresocdmx.gob.mx\/wp-content\/uploads\/2020\/08\/21-R.pdf\">21) INICIATIVA CON PROYECTO DE DECRETO POR EL QUE SE EXPIDE LA LEY DE TRANSICI\u00d3N DE LA PROCURADUR\u00cdA GENERAL DE JUSTICIA A LA FISCAL\u00cdA GENERAL DE JUSTICIA DE LA CIUDAD DE M\u00c9XICO. <br>Dip. Ricardo Ru\u00edz Su\u00e1rez <\/a><a href=\"http:\/\/justicia.congresocdmx.gob.mx\/wp-content\/uploads\/2020\/08\/21-R.pdf\" class=\"wp-block-file__button\" download>Descarga<\/a><\/div>\n\n\n\n<div class=\"wp-block-file\"><a href=\"http:\/\/justicia.congresocdmx.gob.mx\/wp-content\/uploads\/2020\/08\/22.pdf\">22) INICIATIVA CON PROYECTO DE DECRETO POR EL QUE SE REFORMAN DIVERSAS DISPOSICIONES DEL C\u00d3DIGO PENAL PARA EL DISTRITO FEDERAL.   <br>Dip. Mar\u00eda Gabriela Salido Magos <\/a><a href=\"http:\/\/justicia.congresocdmx.gob.mx\/wp-content\/uploads\/2020\/08\/22.pdf\" class=\"wp-block-file__button\" download>Descarga<\/a><\/div>\n\n\n\n<div class=\"wp-block-file\"><a href=\"http:\/\/justicia.congresocdmx.gob.mx\/wp-content\/uploads\/2020\/08\/23.pdf\">23) INICIATIVA CON PROYECTO DE DECRETO POR EL QUE SE REFORMA EL ART\u00cdCULO 865 DEL C\u00d3DIGO DE PROCEDIMIENTOS CIVILES PARA EL DISTRITO FEDERAL, AS\u00cd COMO LOS ART\u00cdCULOS 59 Y 62 DE LA LEY ORG\u00c1NICA DEL PODER JUDICIAL DE LA CIUDAD DE M\u00c9XICO.   <br>Dip. Nazario Norberto S\u00e1nchez  <\/a><a href=\"http:\/\/justicia.congresocdmx.gob.mx\/wp-content\/uploads\/2020\/08\/23.pdf\" class=\"wp-block-file__button\" download>Descarga<\/a><\/div>\n\n\n\n<div class=\"wp-block-file\"><a href=\"http:\/\/justicia.congresocdmx.gob.mx\/wp-content\/uploads\/2020\/08\/24.pdf\"> 24) INICIATIVA CON PROYECTO DE DECRETO POR EL QUE SE ADICIONA UN ART\u00cdCULO 289 TER AL C\u00d3DIGO CIVIL PARA EL DISTRITO FEDERAL, EN MATERIA DEL R\u00c9GIMEN DE SEPARACI\u00d3N DE BIENES EN EL MATRIMONIO.   <br>Dip. Miguel \u00c1ngel Salazar Mart\u00ednez <\/a><a href=\"http:\/\/justicia.congresocdmx.gob.mx\/wp-content\/uploads\/2020\/08\/24.pdf\" class=\"wp-block-file__button\" download>Descarga<\/a><\/div>\n\n\n\n<div class=\"wp-block-file\"><a href=\"http:\/\/justicia.congresocdmx.gob.mx\/wp-content\/uploads\/2020\/08\/25.pdf\">25) INICIATIVA CON PROYECTO DE DECRETO QUE REFORMA LA DENOMINACI\u00d3N Y REFORMA EL ART\u00cdCULO 148 BIS, AMBOS DEL C\u00d3DIGO PENAL PARA EL DISTRITO FEDERAL.  <br>Dip. Teresa Ramos Arreola y Dip. Alessandra Rojo de la Vega Piccolo  <\/a><a href=\"http:\/\/justicia.congresocdmx.gob.mx\/wp-content\/uploads\/2020\/08\/25.pdf\" class=\"wp-block-file__button\" download>Descarga<\/a><\/div>\n\n\n\n<div class=\"wp-block-file\"><a href=\"http:\/\/justicia.congresocdmx.gob.mx\/wp-content\/uploads\/2020\/08\/26.pdf\">26) INICIATIVA CON PROYECTO DE DECRETO POR EL QUE SE REFORMA LA NOMENCLATURA DEL T\u00cdTULO D\u00c9CIMO OCTAVO AS\u00cd COMO LOS ART\u00cdCULOS 259, 267, 272, 273 Y 275 DEL C\u00d3DIGO PENAL PARA EL DISTRITO FEDERAL.   <br>Dip. Nazario Norberto S\u00e1nchez <\/a><a href=\"http:\/\/justicia.congresocdmx.gob.mx\/wp-content\/uploads\/2020\/08\/26.pdf\" class=\"wp-block-file__button\" download>Descarga<\/a><\/div>\n\n\n\n<div class=\"wp-block-file\"><a href=\"http:\/\/justicia.congresocdmx.gob.mx\/wp-content\/uploads\/2020\/08\/27.pdf\">27) INICIATIVA CON PROYECTO DE DECRETO QUE REFORMA Y ADICIONA LOS ART\u00cdCULOS 350 BIS Y 350 TER DEL C\u00d3DIGO PENAL PARA EL DISTRITO FEDERAL VIGENTE EN LA CIUDAD DE M\u00c9XICO.   <br>Dip. Gabriela Quiroga Anguiano <\/a><a href=\"http:\/\/justicia.congresocdmx.gob.mx\/wp-content\/uploads\/2020\/08\/27.pdf\" class=\"wp-block-file__button\" download>Descarga<\/a><\/div>\n\n\n\n<div class=\"wp-block-file\"><a href=\"http:\/\/justicia.congresocdmx.gob.mx\/wp-content\/uploads\/2020\/08\/28.pdf\">28) INICIATIVA CON PROYECTO DE DECRETO POR EL QUE SE DEROGA EL INCISO E, FRACCI\u00d3N V DEL ART\u00cdCULO 235 Y SE ADICIONA EL SEGUNDO P\u00c1RRAFO AL ART\u00cdCULO 101 DE LA LEY ORG\u00c1NICA DEL PODER JUDICIAL DE LA CIUDAD DE M\u00c9XICO.   <br>Dip. Eleazar Rubio Aldar\u00e1n <\/a><a href=\"http:\/\/justicia.congresocdmx.gob.mx\/wp-content\/uploads\/2020\/08\/28.pdf\" class=\"wp-block-file__button\" download>Descarga<\/a><\/div>\n\n\n\n<div class=\"wp-block-file\"><a href=\"http:\/\/justicia.congresocdmx.gob.mx\/wp-content\/uploads\/2020\/08\/29.pdf\">29) INICIATIVA CON PROYECTO DE DECRETO QUE REFORMA EL ART\u00cdCULO 71 TER Y ADICIONA EL ART\u00cdCULO 148 TER, DEL C\u00d3DIGO PENAL PARA EL DISTRITO FEDERAL VIGENTE EN LA CIUDAD DE M\u00c9XICO.   <br>Dip. Gabriela Quiroga Anguiano <\/a><a href=\"http:\/\/justicia.congresocdmx.gob.mx\/wp-content\/uploads\/2020\/08\/29.pdf\" class=\"wp-block-file__button\" download>Descarga<\/a><\/div>\n\n\n\n<h2 class=\"wp-block-heading\">Diciembre<\/h2>\n\n\n\n<div class=\"wp-block-file\"><a href=\"http:\/\/justicia.congresocdmx.gob.mx\/wp-content\/uploads\/2020\/08\/30.pdf\">30) INICIATIVA CON PROYECTO DE DECRETO QUE REFORMA Y ADICIONA EL ART\u00cdCULO 48 BIS DEL C\u00d3DIGO CIVIL PARA EL DISTRITO FEDERAL VIGENTE EN LA CIUDAD DE M\u00c9XICO. <br>Dip. Gabriela Quiroga Anguiano  <\/a><a href=\"http:\/\/justicia.congresocdmx.gob.mx\/wp-content\/uploads\/2020\/08\/30.pdf\" class=\"wp-block-file__button\" download>Descarga<\/a><\/div>\n\n\n\n<div class=\"wp-block-file\"><a href=\"http:\/\/justicia.congresocdmx.gob.mx\/wp-content\/uploads\/2020\/08\/31.pdf\">31) INICIATIVA CON PROYECTO DE DECRETO POR LA QUE SE ADICIONA UN P\u00c1RRAFO \u00daLTIMO AL ART\u00cdCULO 339, CAP\u00cdTULO IV, FALSIFICACI\u00d3N O ALTERACI\u00d3N Y USO INDEBIDO DE DOCUMENTOS, T\u00cdTULO VIG\u00c9SIMO CUARTO, DELITOS CONTRA LA FE P\u00daBLICA, DEL C\u00d3DIGO PENAL PARA EL DISTRITO FEDERAL.  <br>Ex Jefe de Gobierno, Jos\u00e9 Ram\u00f3n Amieva G\u00e1lvez  <\/a><a href=\"http:\/\/justicia.congresocdmx.gob.mx\/wp-content\/uploads\/2020\/08\/31.pdf\" class=\"wp-block-file__button\" download>Descarga<\/a><\/div>\n\n\n\n<div class=\"wp-block-file\"><a href=\"http:\/\/justicia.congresocdmx.gob.mx\/wp-content\/uploads\/2020\/08\/32.pdf\">32) PROPUESTA DE INICIATIVA CON PROYECTO DE DECRETO POR EL QUE SE REFORMAN Y ADICIONAN LOS ART\u00cdCULOS 254, 256, 257, 257 BIS, 258, 259, 260, 261, 262, 263, 265, 266,   267, 268, 269, 270, 271, 272, 273, 274 Y 275 DEL C\u00d3DIGO PENAL PARA EL DISTRITO FEDERAL; Y SE REFORMAN LOS ART\u00cdCULOS 2, 3 Y 4, Y SE ADICIONA UN ART\u00cdCULO 16 DEL C\u00d3DIGO DE \u00c9TICA DE LOS SERVIDORES P\u00daBLICOS PARA EL DISTRITO FEDERAL.<br>Dip. Alberto Mart\u00ednez Urincho <\/a><a href=\"http:\/\/justicia.congresocdmx.gob.mx\/wp-content\/uploads\/2020\/08\/32.pdf\" class=\"wp-block-file__button\" download>Descarga<\/a><\/div>\n\n\n\n<div class=\"wp-block-file\"><a href=\"http:\/\/justicia.congresocdmx.gob.mx\/wp-content\/uploads\/2020\/08\/33.pdf\">33) INICIATIVA CON PROYECTO DE DECRETO POR LA CUAL SE ADICIONA UN ART\u00cdCULO 183 BIS AL C\u00d3DIGO PENAL PARA EL DISTRITO FEDERAL.   <br>Dip. Paula Adriana Soto Maldonado, Dip. Alessandra Rojo de la Vega Piccolo y Dip. Federico D\u00d6ring Casar <\/a><a href=\"http:\/\/justicia.congresocdmx.gob.mx\/wp-content\/uploads\/2020\/08\/33.pdf\" class=\"wp-block-file__button\" download>Descarga<\/a><\/div>\n\n\n\n<div class=\"wp-block-file\"><a href=\"http:\/\/justicia.congresocdmx.gob.mx\/wp-content\/uploads\/2020\/08\/34.pdf\">34) INICIATIVA CON PROYECTO DE DECRETO POR EL QUE SE REFORMAN Y ADICIONAN DIVERSOS ART\u00cdCULOS DEL C\u00d3DIGO PENAL PARA EL DISTRITO FEDERAL.   <br>Dip. Paula Adriana Soto Maldonado y Dip. Miguel \u00c1ngel Salazar Mart\u00ednez <\/a><a href=\"http:\/\/justicia.congresocdmx.gob.mx\/wp-content\/uploads\/2020\/08\/34.pdf\" class=\"wp-block-file__button\" download>Descarga<\/a><\/div>\n\n\n\n<div class=\"wp-block-file\"><a href=\"http:\/\/justicia.congresocdmx.gob.mx\/wp-content\/uploads\/2020\/08\/35.pdf\">35) INICIATIVA CON PROYECTO DE DECRETO POR EL QUE SE ADICIONA UN ART\u00cdCULO AL CAP\u00cdTULO III, DEL T\u00cdTULO QUINTO DEL LIBRO PRIMERO, DEL C\u00d3DIGO PENAL PARA EL DISTRITO FEDERAL.  <br>Dip. Nazario Norberto S\u00e1nchez  <\/a><a href=\"http:\/\/justicia.congresocdmx.gob.mx\/wp-content\/uploads\/2020\/08\/35.pdf\" class=\"wp-block-file__button\" download>Descarga<\/a><\/div>\n\n\n\n<div class=\"wp-block-file\"><a href=\"http:\/\/justicia.congresocdmx.gob.mx\/wp-content\/uploads\/2020\/08\/36.pdf\">36) INICIATIVA CON PROYECTO DE DECRETO POR EL QUE SE REFORMAN LOS ART\u00cdCULOS D\u00c9CIMO PRIMERO Y VIG\u00c9SIMO TERCERO TRANSITORIOS DE LA CONSTITUCI\u00d3N POL\u00cdTICA DE LA CIUDAD DE M\u00c9XICO; TERCERO Y CUARTO TRANSITORIOS DE LA LEY ORG\u00c1NICA DEL PODER JUDICIAL DE LA CIUDAD DE M\u00c9XICO Y SEGUNDO TRANSITORIO DE LA LEY DE LA SALA   CONSTITUCIONAL DE LA CIUDAD DE M\u00c9XICO.   <br>Dip. Eduardo Santill\u00e1n P\u00e9rez <\/a><a href=\"http:\/\/justicia.congresocdmx.gob.mx\/wp-content\/uploads\/2020\/08\/36.pdf\" class=\"wp-block-file__button\" download>Descarga<\/a><\/div>\n","protected":false},"excerpt":{"rendered":"<p>Octubre Noviembre Diciembre<\/p>\n","protected":false},"author":10,"featured_media":0,"parent":0,"menu_order":0,"comment_status":"closed","ping_status":"closed","template":"","meta":{"footnotes":""},"class_list":["post-198","page","type-page","status-publish","hentry"],"_links":{"self":[{"href":"https:\/\/justicia.congresocdmx.gob.mx\/wp-json\/wp\/v2\/pages\/198","targetHints":{"allow":["GET"]}}],"collection":[{"href":"https:\/\/justicia.congresocdmx.gob.mx\/wp-json\/wp\/v2\/pages"}],"about":[{"href":"https:\/\/justicia.congresocdmx.gob.mx\/wp-json\/wp\/v2\/types\/page"}],"author":[{"embeddable":true,"href":"https:\/\/justicia.congresocdmx.gob.mx\/wp-json\/wp\/v2\/users\/10"}],"replies":[{"embeddable":true,"href":"https:\/\/justicia.congresocdmx.gob.mx\/wp-json\/wp\/v2\/comments?post=198"}],"version-history":[{"count":91,"href":"https:\/\/justicia.congresocdmx.gob.mx\/wp-json\/wp\/v2\/pages\/198\/revisions"}],"predecessor-version":[{"id":1222,"href":"https:\/\/justicia.congresocdmx.gob.mx\/wp-json\/wp\/v2\/pages\/198\/revisions\/1222"}],"wp:attachment":[{"href":"https:\/\/justicia.congresocdmx.gob.mx\/wp-json\/wp\/v2\/media?parent=198"}],"curies":[{"name":"wp","href":"https:\/\/api.w.org\/{rel}","templated":true}]}}